{"id":244,"date":"2019-07-09T23:38:13","date_gmt":"2019-07-09T18:38:13","guid":{"rendered":"https:\/\/cryplant.com\/?page_id=244"},"modified":"2022-01-27T14:58:55","modified_gmt":"2022-01-27T19:58:55","slug":"cuernavaca","status":"publish","type":"page","link":"https:\/\/cryplant.com\/paneles-solares\/cuernavaca\/","title":{"rendered":"Quienes Somos"},"content":{"rendered":"<p>[vc_section][vc_row css=\u00bb.vc_custom_1559252835220{margin-top: 10px !important;margin-bottom: 60px !important;}\u00bb][vc_column][vc_column_text css_animation=\u00bbbounce\u00bb]<\/p>\n<p>[\/vc_column_text][vc_row_inner][vc_column_inner][\/vc_column_inner][\/vc_row_inner][vc_column_text css=\u00bb.vc_custom_1584578010668{margin-top: 20px !important;}\u00bb]<\/p>\n<h1 style=\"text-align: center;\"><strong>Cryplant suministra e instala tu sistema de paneles solares en Cuernavaca.Tambi\u00e9n i<\/strong><strong>nstalamos en\u00a0 Cuautla, <a href=\"https:\/\/cryplant.com\/paneles-solares\/residencial\/\">Morelos<\/a>,Iguala, Chilpancingo y Guerrero,CDMX,Estado de M\u00e9xico,Puebla,Michoac\u00e1n y en todo M\u00e9xico.<\/strong><\/h1>\n<h2 style=\"text-align: center;\">\u00a0INSTALAMOS EN 2 D\u00cdAS TU SISTEMA DE PANELES SOLARES EN CUERNAVACA.NOSOTROS NOS ENCARGAMOS DE TODOS LOS TR\u00c1MITES CON CFE.<\/h2>\n<p style=\"text-align: center;\">Hemos instalado m\u00e1s de 1.4 MWp. de paneles solares\u00a0 conectados a CFE.En sistemas de bombeo fotovoltaico, 279 sistemas (205KWp).M\u00e1s 100 sistemas aislados de la red\u00a0 (luminarias y ranchos )<\/p>\n<p>[\/vc_column_text][\/vc_column][\/vc_row][vc_row][vc_column width=\u00bb1\/2&#8243;][vc_column_text]Dise\u00f1amos e instalamos sistemas de paneles solares llave en mano para hogares y comercios.Tambi\u00e9n para universidades, laboratorios,hospitales e industrias. Realizamos de forma gratuita los tr\u00e1mites para la interconexi\u00f3n el\u00e9ctrica con CFE.Nuestros instaladores son propios , no subcontratamos.Por lo anterior podemos garantizar una alta calidad en nuestras instalaciones.<\/p>\n<p>En agronegocios podemos conseguirte apoyos a trav\u00e9s de la SADER ( Secretar\u00eda de Agricultura\u00a0 y Desarrollo Rural ) .As\u00ed, te ser\u00e1 m\u00e1s f\u00e1cil instalar tu sistema de paneles solares conectado a CFE o tu equipo de bombeo solar.<\/p>\n<p>Para industrias, casas y comercios , tambi\u00e9n podemos ayudarte a conseguir financiamiento a trav\u00e9s del FIDE\u00a0 ( Fideicomiso para el Ahorro de Energ\u00eda ) y del CIBanco.[\/vc_column_text][\/vc_column][vc_column width=\u00bb1\/2&#8243;][vc_single_image image=\u00bb445&#8243; img_size=\u00bbfull\u00bb css_animation=\u00bbzoomInRight\u00bb][\/vc_column][\/vc_row][\/vc_section][vc_row][vc_column width=\u00bb1\/2&#8243;][vc_single_image image=\u00bb389&#8243; img_size=\u00bbfull\u00bb css_animation=\u00bbzoomInLeft\u00bb][\/vc_column][vc_column width=\u00bb1\/2&#8243;][vc_column_text]<\/p>\n<p>Instalamos y comercializamos las mejores marcas en p\u00e1neles solares, <a href=\"https:\/\/www.fronius.com\/es-mx\/mexico\">inversores<\/a>, bater\u00edas, luminarias y todo lo relacionado a la energ\u00eda fotovoltaica.LA CALIDAD SIEMPRE CUESTA UN POCO M\u00c1S, PERO AL FINAL ES LA MEJOR INVERSI\u00d3N.<\/p>\n<p>En Respaldo de Energ\u00eda contamos con sistemas de la marca KENJITSU. Suministramos sistemas hasta de 120 KVA. Nuestros precios son muy competitivos.Ofrecemos una gran calidad con garant\u00edas de 2 a\u00f1os .<\/p>\n<p>Cryplant est\u00e1 certificada por ANCE y FIDE como proveedor confiable de sistemas fotovoltaicos .Nuestros instaladores est\u00e1n certificados en la norma EC0-586.<\/p>\n<p>[\/vc_column_text][\/vc_column][\/vc_row][vc_row full_width=\u00bbstretch_row\u00bb css=\u00bb.vc_custom_1562697719109{padding-top: 100px !important;padding-bottom: 50px !important;background-color: #e8e8e8 !important;}\u00bb][vc_column width=\u00bb1\/2&#8243;][vc_single_image image=\u00bb42&#8243; alignment=\u00bbcenter\u00bb css_animation=\u00bbzoomInUp\u00bb][\/vc_column][vc_column width=\u00bb1\/2&#8243;][vc_single_image image=\u00bb32&#8243; alignment=\u00bbcenter\u00bb css_animation=\u00bbzoomInUp\u00bb][\/vc_column][\/vc_row]<\/p>\n","protected":false},"excerpt":{"rendered":"<p>[vc_section][vc_row css=\u00bb.vc_custom_1559252835220{margin-top: 10px !important;margin-bottom: 60px !important;}\u00bb][vc_column][vc_column_text css_animation=\u00bbbounce\u00bb] [\/vc_column_text][vc_row_inner][vc_column_inner][\/vc_column_inner][\/vc_row_inner][vc_column_text css=\u00bb.vc_custom_1584578010668{margin-top: 20px !important;}\u00bb] Cryplant suministra e instala tu sistema de paneles solares en Cuernavaca.Tambi\u00e9n instalamos en\u00a0 Cuautla, Morelos,Iguala, Chilpancingo y Guerrero,CDMX,Estado de M\u00e9xico,Puebla,Michoac\u00e1n y en todo M\u00e9xico. \u00a0INSTALAMOS EN 2 D\u00cdAS TU SISTEMA DE PANELES SOLARES EN CUERNAVACA.NOSOTROS NOS ENCARGAMOS DE TODOS LOS TR\u00c1MITES CON CFE. Hemos [&hellip;]<\/p>\n","protected":false},"author":3,"featured_media":0,"parent":0,"menu_order":0,"comment_status":"closed","ping_status":"closed","template":"","meta":{"footnotes":""},"class_list":["post-244","page","type-page","status-publish","hentry"],"yoast_head":"<!-- This site is optimized with the Yoast SEO plugin v19.12 - https:\/\/yoast.com\/wordpress\/plugins\/seo\/ -->\n<title>Paneles Solares Cuernavaca | Instalamos tu sistema en s\u00f3lo 2 d\u00edas.<\/title>\n<meta name=\"description\" content=\"Instalamos tus Paneles Solares en Cuernavaca, Cuautla,Morelos,Iguala,Chilpancingo, Guerrero, CDMX, Edomex, Puebla, Michoac\u00e1n y en todo M\u00e9xico.\" \/>\n<meta name=\"robots\" content=\"index, follow, max-snippet:-1, max-image-preview:large, max-video-preview:-1\" \/>\n<link rel=\"canonical\" href=\"https:\/\/cryplant.com\/paneles-solares\/cuernavaca\/\" \/>\n<meta property=\"og:locale\" content=\"es_ES\" \/>\n<meta property=\"og:type\" content=\"article\" \/>\n<meta property=\"og:title\" content=\"Paneles Solares Cuernavaca | Instalamos tu sistema en s\u00f3lo 2 d\u00edas.\" \/>\n<meta property=\"og:description\" content=\"Instalamos tus Paneles Solares en Cuernavaca, Cuautla,Morelos,Iguala,Chilpancingo, Guerrero, CDMX, Edomex, Puebla, Michoac\u00e1n y en todo M\u00e9xico.\" \/>\n<meta property=\"og:url\" content=\"https:\/\/cryplant.com\/paneles-solares\/cuernavaca\/\" \/>\n<meta property=\"og:site_name\" content=\"Paneles Solares | Venta e Instalaci\u00f3n | Cuernavaca y M\u00e9xico\" \/>\n<meta property=\"article:publisher\" content=\"https:\/\/www.facebook.com\/CRYPLANT\/\" \/>\n<meta property=\"article:modified_time\" content=\"2022-01-27T19:58:55+00:00\" \/>\n<meta name=\"twitter:card\" content=\"summary_large_image\" \/>\n<meta name=\"twitter:site\" content=\"@cryplant\" \/>\n<meta name=\"twitter:label1\" content=\"Tiempo de lectura\" \/>\n\t<meta name=\"twitter:data1\" content=\"2 minutos\" \/>\n<script type=\"application\/ld+json\" class=\"yoast-schema-graph\">{\"@context\":\"https:\/\/schema.org\",\"@graph\":[{\"@type\":\"WebPage\",\"@id\":\"https:\/\/cryplant.com\/paneles-solares\/cuernavaca\/\",\"url\":\"https:\/\/cryplant.com\/paneles-solares\/cuernavaca\/\",\"name\":\"Paneles Solares Cuernavaca | Instalamos tu sistema en s\u00f3lo 2 d\u00edas.\",\"isPartOf\":{\"@id\":\"https:\/\/cryplant.com\/paneles-solares\/#website\"},\"datePublished\":\"2019-07-09T18:38:13+00:00\",\"dateModified\":\"2022-01-27T19:58:55+00:00\",\"description\":\"Instalamos tus Paneles Solares en Cuernavaca, Cuautla,Morelos,Iguala,Chilpancingo, Guerrero, CDMX, Edomex, Puebla, Michoac\u00e1n y en todo M\u00e9xico.\",\"breadcrumb\":{\"@id\":\"https:\/\/cryplant.com\/paneles-solares\/cuernavaca\/#breadcrumb\"},\"inLanguage\":\"es\",\"potentialAction\":[{\"@type\":\"ReadAction\",\"target\":[\"https:\/\/cryplant.com\/paneles-solares\/cuernavaca\/\"]}]},{\"@type\":\"BreadcrumbList\",\"@id\":\"https:\/\/cryplant.com\/paneles-solares\/cuernavaca\/#breadcrumb\",\"itemListElement\":[{\"@type\":\"ListItem\",\"position\":1,\"name\":\"Portada\",\"item\":\"https:\/\/cryplant.com\/paneles-solares\/\"},{\"@type\":\"ListItem\",\"position\":2,\"name\":\"Quienes Somos\"}]},{\"@type\":\"WebSite\",\"@id\":\"https:\/\/cryplant.com\/paneles-solares\/#website\",\"url\":\"https:\/\/cryplant.com\/paneles-solares\/\",\"name\":\"Paneles Solares | Venta e Instalaci\u00f3n | Cuernavaca y M\u00e9xico\",\"description\":\"Ahorra 95 % en tu recibo de CFE con Cryplant y sus Paneles Solares\",\"publisher\":{\"@id\":\"https:\/\/cryplant.com\/paneles-solares\/#organization\"},\"potentialAction\":[{\"@type\":\"SearchAction\",\"target\":{\"@type\":\"EntryPoint\",\"urlTemplate\":\"https:\/\/cryplant.com\/paneles-solares\/?s={search_term_string}\"},\"query-input\":\"required name=search_term_string\"}],\"inLanguage\":\"es\"},{\"@type\":\"Organization\",\"@id\":\"https:\/\/cryplant.com\/paneles-solares\/#organization\",\"name\":\"Cryplant Paneles Solares\",\"url\":\"https:\/\/cryplant.com\/paneles-solares\/\",\"logo\":{\"@type\":\"ImageObject\",\"inLanguage\":\"es\",\"@id\":\"https:\/\/cryplant.com\/paneles-solares\/#\/schema\/logo\/image\/\",\"url\":\"https:\/\/cryplant.com\/wp-content\/uploads\/2019\/05\/planta.png\",\"contentUrl\":\"https:\/\/cryplant.com\/wp-content\/uploads\/2019\/05\/planta.png\",\"width\":512,\"height\":512,\"caption\":\"Cryplant Paneles Solares\"},\"image\":{\"@id\":\"https:\/\/cryplant.com\/paneles-solares\/#\/schema\/logo\/image\/\"},\"sameAs\":[\"https:\/\/www.facebook.com\/CRYPLANT\/\",\"https:\/\/twitter.com\/cryplant\"]}]}<\/script>\n<!-- \/ Yoast SEO plugin. -->","yoast_head_json":{"title":"Paneles Solares Cuernavaca | Instalamos tu sistema en s\u00f3lo 2 d\u00edas.","description":"Instalamos tus Paneles Solares en Cuernavaca, Cuautla,Morelos,Iguala,Chilpancingo, Guerrero, CDMX, Edomex, Puebla, Michoac\u00e1n y en todo M\u00e9xico.","robots":{"index":"index","follow":"follow","max-snippet":"max-snippet:-1","max-image-preview":"max-image-preview:large","max-video-preview":"max-video-preview:-1"},"canonical":"https:\/\/cryplant.com\/paneles-solares\/cuernavaca\/","og_locale":"es_ES","og_type":"article","og_title":"Paneles Solares Cuernavaca | Instalamos tu sistema en s\u00f3lo 2 d\u00edas.","og_description":"Instalamos tus Paneles Solares en Cuernavaca, Cuautla,Morelos,Iguala,Chilpancingo, Guerrero, CDMX, Edomex, Puebla, Michoac\u00e1n y en todo M\u00e9xico.","og_url":"https:\/\/cryplant.com\/paneles-solares\/cuernavaca\/","og_site_name":"Paneles Solares | Venta e Instalaci\u00f3n | Cuernavaca y M\u00e9xico","article_publisher":"https:\/\/www.facebook.com\/CRYPLANT\/","article_modified_time":"2022-01-27T19:58:55+00:00","twitter_card":"summary_large_image","twitter_site":"@cryplant","twitter_misc":{"Tiempo de lectura":"2 minutos"},"schema":{"@context":"https:\/\/schema.org","@graph":[{"@type":"WebPage","@id":"https:\/\/cryplant.com\/paneles-solares\/cuernavaca\/","url":"https:\/\/cryplant.com\/paneles-solares\/cuernavaca\/","name":"Paneles Solares Cuernavaca | Instalamos tu sistema en s\u00f3lo 2 d\u00edas.","isPartOf":{"@id":"https:\/\/cryplant.com\/paneles-solares\/#website"},"datePublished":"2019-07-09T18:38:13+00:00","dateModified":"2022-01-27T19:58:55+00:00","description":"Instalamos tus Paneles Solares en Cuernavaca, Cuautla,Morelos,Iguala,Chilpancingo, Guerrero, CDMX, Edomex, Puebla, Michoac\u00e1n y en todo M\u00e9xico.","breadcrumb":{"@id":"https:\/\/cryplant.com\/paneles-solares\/cuernavaca\/#breadcrumb"},"inLanguage":"es","potentialAction":[{"@type":"ReadAction","target":["https:\/\/cryplant.com\/paneles-solares\/cuernavaca\/"]}]},{"@type":"BreadcrumbList","@id":"https:\/\/cryplant.com\/paneles-solares\/cuernavaca\/#breadcrumb","itemListElement":[{"@type":"ListItem","position":1,"name":"Portada","item":"https:\/\/cryplant.com\/paneles-solares\/"},{"@type":"ListItem","position":2,"name":"Quienes Somos"}]},{"@type":"WebSite","@id":"https:\/\/cryplant.com\/paneles-solares\/#website","url":"https:\/\/cryplant.com\/paneles-solares\/","name":"Paneles Solares | Venta e Instalaci\u00f3n | Cuernavaca y M\u00e9xico","description":"Ahorra 95 % en tu recibo de CFE con Cryplant y sus Paneles Solares","publisher":{"@id":"https:\/\/cryplant.com\/paneles-solares\/#organization"},"potentialAction":[{"@type":"SearchAction","target":{"@type":"EntryPoint","urlTemplate":"https:\/\/cryplant.com\/paneles-solares\/?s={search_term_string}"},"query-input":"required name=search_term_string"}],"inLanguage":"es"},{"@type":"Organization","@id":"https:\/\/cryplant.com\/paneles-solares\/#organization","name":"Cryplant Paneles Solares","url":"https:\/\/cryplant.com\/paneles-solares\/","logo":{"@type":"ImageObject","inLanguage":"es","@id":"https:\/\/cryplant.com\/paneles-solares\/#\/schema\/logo\/image\/","url":"https:\/\/cryplant.com\/wp-content\/uploads\/2019\/05\/planta.png","contentUrl":"https:\/\/cryplant.com\/wp-content\/uploads\/2019\/05\/planta.png","width":512,"height":512,"caption":"Cryplant Paneles Solares"},"image":{"@id":"https:\/\/cryplant.com\/paneles-solares\/#\/schema\/logo\/image\/"},"sameAs":["https:\/\/www.facebook.com\/CRYPLANT\/","https:\/\/twitter.com\/cryplant"]}]}},"_links":{"self":[{"href":"https:\/\/cryplant.com\/paneles-solares\/wp-json\/wp\/v2\/pages\/244","targetHints":{"allow":["GET"]}}],"collection":[{"href":"https:\/\/cryplant.com\/paneles-solares\/wp-json\/wp\/v2\/pages"}],"about":[{"href":"https:\/\/cryplant.com\/paneles-solares\/wp-json\/wp\/v2\/types\/page"}],"author":[{"embeddable":true,"href":"https:\/\/cryplant.com\/paneles-solares\/wp-json\/wp\/v2\/users\/3"}],"replies":[{"embeddable":true,"href":"https:\/\/cryplant.com\/paneles-solares\/wp-json\/wp\/v2\/comments?post=244"}],"version-history":[{"count":59,"href":"https:\/\/cryplant.com\/paneles-solares\/wp-json\/wp\/v2\/pages\/244\/revisions"}],"predecessor-version":[{"id":1037,"href":"https:\/\/cryplant.com\/paneles-solares\/wp-json\/wp\/v2\/pages\/244\/revisions\/1037"}],"wp:attachment":[{"href":"https:\/\/cryplant.com\/paneles-solares\/wp-json\/wp\/v2\/media?parent=244"}],"curies":[{"name":"wp","href":"https:\/\/api.w.org\/{rel}","templated":true}]}}