{"id":3,"date":"2019-05-21T22:05:43","date_gmt":"2019-05-21T22:05:43","guid":{"rendered":"https:\/\/cryplant.com\/?page_id=3"},"modified":"2020-03-27T13:53:08","modified_gmt":"2020-03-27T18:53:08","slug":"privacidad","status":"publish","type":"page","link":"https:\/\/cryplant.com\/paneles-solares\/privacidad\/","title":{"rendered":"Aviso de privacidad"},"content":{"rendered":"\n<p>&nbsp;<\/p>\n\n\n\n<h2 class=\"wp-block-heading\">Aviso de privacidad<\/h2>\n\n\n\n<p>Nuestra p\u00e1gina web: <a href=\"https:\/\/cryplant.com\/paneles-solares\/\">cryplant.com<\/a><\/p>\n\n\n\n<p>Cryplant Energ\u00edas Renovables. con domicilio fiscal en Av. Adolfo Ruiz Cortines 102, Col. Acapantzingo, 62440 Cuernavaca, Mor. M\u00e9xico, es responsable de recabar sus datos personales necesarios para poder laborar en conjunto, as\u00ed como del uso y protecci\u00f3n que se le d\u00e9 a los mismos, de conformidad con la Ley Federal de Protecci\u00f3n de Datos Personales en Posesi\u00f3n de los Particulares.<\/p>\n\n\n\n<h2 class=\"wp-block-heading\">Uso de sus datos personales<\/h2>\n\n\n\n<p>Sus datos personales ser\u00e1n utilizados con la finalidad de proveer los servicios y productos que solicite a trav\u00e9s de los medios electr\u00f3nicos utilizados por nosotros, para avisarle sobre posibles cambios en los mismos, notificarle ofertas y promociones, mantenerlo informado sobre nuestros servicios por temporada, valuar la calidad del servicio, realizar estudios o estad\u00edsticas internos sobre sus consumos, as\u00ed como informarle de concursos.<\/p>\n\n\n\n<h2 class=\"wp-block-heading\">Datos personales que recabamos<\/h2>\n\n\n\n<p>Para tales efectos, requerimos obtener los siguientes datos como nombre, apellido, ocupaci\u00f3n\u00f3n, domicilio laboral, direcci\u00f3n\u00f3n de correo electr\u00f3nico, n\u00famero telef\u00f3nico y otros datos necesarios para lograr un buen tiempo de respuesta de nuestros servicios. Sus datos personales ser\u00e1n recabados por nosotros de manera personal, alguna visita a sus instalaciones, \u00f3 cuando nos visite en nuestro sitio web.<br>Cryplant Energ\u00edas Renovables no recaba de sus clientes datos personales considerados sensibles conforme a la ley, ni recaba datos personales de menores de edad.<\/p>\n\n\n\n<h2 class=\"wp-block-heading\">&nbsp;No transmisi\u00f3n de datos personales<\/h2>\n\n\n\n<p><a href=\"http:\/\/studiodigital-web.com\/\">Cryplant Energ\u00edas Renovables <\/a>no prestar\u00e1, no vender\u00e1 y no alquilar\u00e1 los datos personales obtenidos; tampoco compartir\u00e1 los datos personales con un tercero, excepto que haya sido requerido en cumplimiento a disposiciones legales.<\/p>\n\n\n\n<h2 class=\"wp-block-heading\">Protecci\u00f3n de los Datos Personales<\/h2>\n\n\n\n<p>Cryplant Energ\u00edas Renovables almacenar\u00e1 la informaci\u00f3n en un servidor seguro, dise\u00f1ado para obstaculizar el acceso desde afuera de la compa\u00f1\u00eda; realizaremos nuestro mejor esfuerzo para proteger los datos personales y har\u00e1 todo lo posible para salvaguardar la seguridad en nuestros sistemas.&nbsp;<br>Manejaremos sus datos personales recabados de manera confidencial, no obstante, no asumimos ninguna obligaci\u00f3n de mantener confidencial cualquier otra informaci\u00f3n que el titular proporcione, incluyendo aquella informaci\u00f3n que el titular facilite a trav\u00e9s de boletines y pl\u00e1ticas en l\u00ednea (chats).<br><br>Acceso, Rectificaci\u00f3n, Cancelaci\u00f3n y Oposici\u00f3n de los datos personales<br>Usted tiene derecho de acceder, rectificar y cancelar sus datos personales, as\u00ed como de oponerse al tratamiento de los mismos o revocar el consentimiento que para tal fin nos haya otorgado. Para ejercer dichos derechos, deber\u00e1 contactar a nuestra oficina de datos personales, cuyos datos son los siguientes:<br>P\u00e1gina de Internet:&nbsp;cryplant.com<br>Domicilio: Av. Adolfo Ruiz Cortines 102, Col. Acapantzingo, 62440 Cuernavaca, Mor.<br>Tel\u00e9fono: 777 312 5048<br>Correo electr\u00f3nico: ventas@cryplant.com<\/p>\n\n\n\n<p>Es necesario que indique la causa de la cancelaci\u00f3n y proporcione su nombre completo y, en su caso, el n\u00famero de cliente proporcionado por nosotros; el tiempo para responder a su solicitud ser\u00e1 de m\u00e1ximo diez d\u00edas h\u00e1biles a de la fecha de la cancelaci\u00f3n.<\/p>\n\n\n\n<h2 class=\"wp-block-heading\">Mensajes promocionales<\/h2>\n\n\n\n<p>Usted puede dejar de recibir mensajes promocionales a su cuenta de email, contact\u00e1ndonos a&nbsp;cryplant.com&nbsp;, &nbsp;indicando la causa de la cancelaci\u00f3n; es necesario que proporcione su nombre completo y, en su caso, su n\u00famero de cliente proporcionado por nosotros.<\/p>\n\n\n\n<h2 class=\"wp-block-heading\">Modificaciones<\/h2>\n\n\n\n<p>Este aviso de privacidad puede tener cambios en el futuro, por lo que se recomienda contactarnos a&nbsp;ventas@cryplant.com. Este aviso lo podr\u00e1 consultar en&nbsp;cryplant.com<\/p>\n\n\n\n<h2 class=\"wp-block-heading\">Aceptaci\u00f3n de t\u00e9rminos del aviso<\/h2>\n\n\n\n<p>A trav\u00e9s del presente Aviso de Privacidad, Cryplant Energ\u00edas Renovables&nbsp;da cumplimiento y est\u00e1 sujeto a las disposiciones de la Ley Federal de Protecci\u00f3n de Datos Personales en Posesi\u00f3n de los Particulares. Si el titular utiliza nuestros servicios significa que ha le\u00eddo, entendido y manifestado su consentimiento respecto los t\u00e9rminos y disposiciones expuestos. Si no est\u00e1 de acuerdo con ellos, el titular no deber\u00e1 proporcionar ning\u00fan dato personal, ni utilizar los servicios del sitio.<\/p>\n","protected":false},"excerpt":{"rendered":"<p>&nbsp; Aviso de privacidad Nuestra p\u00e1gina web: cryplant.com Cryplant Energ\u00edas Renovables. con domicilio fiscal en Av. Adolfo Ruiz Cortines 102, Col. Acapantzingo, 62440 Cuernavaca, Mor. M\u00e9xico, es responsable de recabar sus datos personales necesarios para poder laborar en conjunto, as\u00ed como del uso y protecci\u00f3n que se le d\u00e9 a los mismos, de conformidad con [&hellip;]<\/p>\n","protected":false},"author":3,"featured_media":0,"parent":0,"menu_order":0,"comment_status":"closed","ping_status":"closed","template":"","meta":{"footnotes":""},"class_list":["post-3","page","type-page","status-publish","hentry"],"yoast_head":"<!-- This site is optimized with the Yoast SEO plugin v19.12 - https:\/\/yoast.com\/wordpress\/plugins\/seo\/ -->\n<title>Privacidad | Paneles Solares | Cuernavaca y M\u00e9xico.<\/title>\n<meta name=\"description\" content=\"Cryplant proporciona este aviso de privacidad de acuerdo a las leyes vigentes en la materia y para proteger los datos personales.\" \/>\n<meta name=\"robots\" content=\"index, follow, max-snippet:-1, max-image-preview:large, max-video-preview:-1\" \/>\n<link rel=\"canonical\" href=\"https:\/\/cryplant.com\/paneles-solares\/privacidad\/\" \/>\n<meta property=\"og:locale\" content=\"es_ES\" \/>\n<meta property=\"og:type\" content=\"article\" \/>\n<meta property=\"og:title\" content=\"Privacidad | Paneles Solares | Cuernavaca y M\u00e9xico.\" \/>\n<meta property=\"og:description\" content=\"Cryplant proporciona este aviso de privacidad de acuerdo a las leyes vigentes en la materia y para proteger los datos personales.\" \/>\n<meta property=\"og:url\" content=\"https:\/\/cryplant.com\/paneles-solares\/privacidad\/\" \/>\n<meta property=\"og:site_name\" content=\"Paneles Solares | Venta e Instalaci\u00f3n | Cuernavaca y M\u00e9xico\" \/>\n<meta property=\"article:publisher\" content=\"https:\/\/www.facebook.com\/CRYPLANT\/\" \/>\n<meta property=\"article:modified_time\" content=\"2020-03-27T18:53:08+00:00\" \/>\n<meta name=\"twitter:card\" content=\"summary_large_image\" \/>\n<meta name=\"twitter:site\" content=\"@cryplant\" \/>\n<meta name=\"twitter:label1\" content=\"Tiempo de lectura\" \/>\n\t<meta name=\"twitter:data1\" content=\"3 minutos\" \/>\n<script type=\"application\/ld+json\" class=\"yoast-schema-graph\">{\"@context\":\"https:\/\/schema.org\",\"@graph\":[{\"@type\":\"WebPage\",\"@id\":\"https:\/\/cryplant.com\/paneles-solares\/privacidad\/\",\"url\":\"https:\/\/cryplant.com\/paneles-solares\/privacidad\/\",\"name\":\"Privacidad | Paneles Solares | Cuernavaca y M\u00e9xico.\",\"isPartOf\":{\"@id\":\"https:\/\/cryplant.com\/paneles-solares\/#website\"},\"datePublished\":\"2019-05-21T22:05:43+00:00\",\"dateModified\":\"2020-03-27T18:53:08+00:00\",\"description\":\"Cryplant proporciona este aviso de privacidad de acuerdo a las leyes vigentes en la materia y para proteger los datos personales.\",\"breadcrumb\":{\"@id\":\"https:\/\/cryplant.com\/paneles-solares\/privacidad\/#breadcrumb\"},\"inLanguage\":\"es\",\"potentialAction\":[{\"@type\":\"ReadAction\",\"target\":[\"https:\/\/cryplant.com\/paneles-solares\/privacidad\/\"]}]},{\"@type\":\"BreadcrumbList\",\"@id\":\"https:\/\/cryplant.com\/paneles-solares\/privacidad\/#breadcrumb\",\"itemListElement\":[{\"@type\":\"ListItem\",\"position\":1,\"name\":\"Portada\",\"item\":\"https:\/\/cryplant.com\/paneles-solares\/\"},{\"@type\":\"ListItem\",\"position\":2,\"name\":\"Aviso de privacidad\"}]},{\"@type\":\"WebSite\",\"@id\":\"https:\/\/cryplant.com\/paneles-solares\/#website\",\"url\":\"https:\/\/cryplant.com\/paneles-solares\/\",\"name\":\"Paneles Solares | Venta e Instalaci\u00f3n | Cuernavaca y M\u00e9xico\",\"description\":\"Ahorra 95 % en tu recibo de CFE con Cryplant y sus Paneles Solares\",\"publisher\":{\"@id\":\"https:\/\/cryplant.com\/paneles-solares\/#organization\"},\"potentialAction\":[{\"@type\":\"SearchAction\",\"target\":{\"@type\":\"EntryPoint\",\"urlTemplate\":\"https:\/\/cryplant.com\/paneles-solares\/?s={search_term_string}\"},\"query-input\":\"required name=search_term_string\"}],\"inLanguage\":\"es\"},{\"@type\":\"Organization\",\"@id\":\"https:\/\/cryplant.com\/paneles-solares\/#organization\",\"name\":\"Cryplant Paneles Solares\",\"url\":\"https:\/\/cryplant.com\/paneles-solares\/\",\"logo\":{\"@type\":\"ImageObject\",\"inLanguage\":\"es\",\"@id\":\"https:\/\/cryplant.com\/paneles-solares\/#\/schema\/logo\/image\/\",\"url\":\"https:\/\/cryplant.com\/wp-content\/uploads\/2019\/05\/planta.png\",\"contentUrl\":\"https:\/\/cryplant.com\/wp-content\/uploads\/2019\/05\/planta.png\",\"width\":512,\"height\":512,\"caption\":\"Cryplant Paneles Solares\"},\"image\":{\"@id\":\"https:\/\/cryplant.com\/paneles-solares\/#\/schema\/logo\/image\/\"},\"sameAs\":[\"https:\/\/www.facebook.com\/CRYPLANT\/\",\"https:\/\/twitter.com\/cryplant\"]}]}<\/script>\n<!-- \/ Yoast SEO plugin. -->","yoast_head_json":{"title":"Privacidad | Paneles Solares | Cuernavaca y M\u00e9xico.","description":"Cryplant proporciona este aviso de privacidad de acuerdo a las leyes vigentes en la materia y para proteger los datos personales.","robots":{"index":"index","follow":"follow","max-snippet":"max-snippet:-1","max-image-preview":"max-image-preview:large","max-video-preview":"max-video-preview:-1"},"canonical":"https:\/\/cryplant.com\/paneles-solares\/privacidad\/","og_locale":"es_ES","og_type":"article","og_title":"Privacidad | Paneles Solares | Cuernavaca y M\u00e9xico.","og_description":"Cryplant proporciona este aviso de privacidad de acuerdo a las leyes vigentes en la materia y para proteger los datos personales.","og_url":"https:\/\/cryplant.com\/paneles-solares\/privacidad\/","og_site_name":"Paneles Solares | Venta e Instalaci\u00f3n | Cuernavaca y M\u00e9xico","article_publisher":"https:\/\/www.facebook.com\/CRYPLANT\/","article_modified_time":"2020-03-27T18:53:08+00:00","twitter_card":"summary_large_image","twitter_site":"@cryplant","twitter_misc":{"Tiempo de lectura":"3 minutos"},"schema":{"@context":"https:\/\/schema.org","@graph":[{"@type":"WebPage","@id":"https:\/\/cryplant.com\/paneles-solares\/privacidad\/","url":"https:\/\/cryplant.com\/paneles-solares\/privacidad\/","name":"Privacidad | Paneles Solares | Cuernavaca y M\u00e9xico.","isPartOf":{"@id":"https:\/\/cryplant.com\/paneles-solares\/#website"},"datePublished":"2019-05-21T22:05:43+00:00","dateModified":"2020-03-27T18:53:08+00:00","description":"Cryplant proporciona este aviso de privacidad de acuerdo a las leyes vigentes en la materia y para proteger los datos personales.","breadcrumb":{"@id":"https:\/\/cryplant.com\/paneles-solares\/privacidad\/#breadcrumb"},"inLanguage":"es","potentialAction":[{"@type":"ReadAction","target":["https:\/\/cryplant.com\/paneles-solares\/privacidad\/"]}]},{"@type":"BreadcrumbList","@id":"https:\/\/cryplant.com\/paneles-solares\/privacidad\/#breadcrumb","itemListElement":[{"@type":"ListItem","position":1,"name":"Portada","item":"https:\/\/cryplant.com\/paneles-solares\/"},{"@type":"ListItem","position":2,"name":"Aviso de privacidad"}]},{"@type":"WebSite","@id":"https:\/\/cryplant.com\/paneles-solares\/#website","url":"https:\/\/cryplant.com\/paneles-solares\/","name":"Paneles Solares | Venta e Instalaci\u00f3n | Cuernavaca y M\u00e9xico","description":"Ahorra 95 % en tu recibo de CFE con Cryplant y sus Paneles Solares","publisher":{"@id":"https:\/\/cryplant.com\/paneles-solares\/#organization"},"potentialAction":[{"@type":"SearchAction","target":{"@type":"EntryPoint","urlTemplate":"https:\/\/cryplant.com\/paneles-solares\/?s={search_term_string}"},"query-input":"required name=search_term_string"}],"inLanguage":"es"},{"@type":"Organization","@id":"https:\/\/cryplant.com\/paneles-solares\/#organization","name":"Cryplant Paneles Solares","url":"https:\/\/cryplant.com\/paneles-solares\/","logo":{"@type":"ImageObject","inLanguage":"es","@id":"https:\/\/cryplant.com\/paneles-solares\/#\/schema\/logo\/image\/","url":"https:\/\/cryplant.com\/wp-content\/uploads\/2019\/05\/planta.png","contentUrl":"https:\/\/cryplant.com\/wp-content\/uploads\/2019\/05\/planta.png","width":512,"height":512,"caption":"Cryplant Paneles Solares"},"image":{"@id":"https:\/\/cryplant.com\/paneles-solares\/#\/schema\/logo\/image\/"},"sameAs":["https:\/\/www.facebook.com\/CRYPLANT\/","https:\/\/twitter.com\/cryplant"]}]}},"_links":{"self":[{"href":"https:\/\/cryplant.com\/paneles-solares\/wp-json\/wp\/v2\/pages\/3","targetHints":{"allow":["GET"]}}],"collection":[{"href":"https:\/\/cryplant.com\/paneles-solares\/wp-json\/wp\/v2\/pages"}],"about":[{"href":"https:\/\/cryplant.com\/paneles-solares\/wp-json\/wp\/v2\/types\/page"}],"author":[{"embeddable":true,"href":"https:\/\/cryplant.com\/paneles-solares\/wp-json\/wp\/v2\/users\/3"}],"replies":[{"embeddable":true,"href":"https:\/\/cryplant.com\/paneles-solares\/wp-json\/wp\/v2\/comments?post=3"}],"version-history":[{"count":9,"href":"https:\/\/cryplant.com\/paneles-solares\/wp-json\/wp\/v2\/pages\/3\/revisions"}],"predecessor-version":[{"id":1011,"href":"https:\/\/cryplant.com\/paneles-solares\/wp-json\/wp\/v2\/pages\/3\/revisions\/1011"}],"wp:attachment":[{"href":"https:\/\/cryplant.com\/paneles-solares\/wp-json\/wp\/v2\/media?parent=3"}],"curies":[{"name":"wp","href":"https:\/\/api.w.org\/{rel}","templated":true}]}}