{"id":393,"date":"2019-07-30T23:12:06","date_gmt":"2019-07-30T18:12:06","guid":{"rendered":"https:\/\/cryplant.com\/?page_id=393"},"modified":"2020-04-01T12:53:41","modified_gmt":"2020-04-01T17:53:41","slug":"residencias","status":"publish","type":"page","link":"https:\/\/cryplant.com\/paneles-solares\/residencias\/","title":{"rendered":"Residencias"},"content":{"rendered":"<p>[vc_row css=\u00bb.vc_custom_1565133680059{margin-top: 30px !important;}\u00bb][vc_column][vc_column_text css=\u00bb.vc_custom_1565133691103{margin-top: 30px !important;}\u00bb]<\/p>\n<h2>\u00a0 \u00a0 \u00a0 \u00a0 \u00a0 \u00a0 \u00a0 PANELES SOLARES PARA RESIDENCIAS<\/h2>\n<p>Los paneles solares son excelentes para disminuir el consumo de energ\u00eda el\u00e9ctrica.Por ello est\u00e1n indicados para aquellas casas \u00f3 residencias que est\u00e1n en tarifa DAC.Tambi\u00e9n para casos de tarifa 1 que est\u00e1n pr\u00f3ximos a entrar en tarifa DAC.Adem\u00e1s, con una razonable inversi\u00f3n podr\u00e1s instalar paneles en tu casa.Por ello recuperar\u00e1s r\u00e1pido tu dinero invertido, en 2-4 a\u00f1os.Lo anterior depender\u00e1 de tu consumo promedio actual.Finalmente, con los paneles puedes bajar tus pagos hasta 50 pesos bimestrales.<br \/>\nAdem\u00e1s, los paneles solares pr\u00e1cticamente no tienen mantenimiento. Por esa raz\u00f3n, durante muchos a\u00f1os obtendr\u00e1s energ\u00eda gratis y por lo tanto pagar\u00e1s el m\u00ednimo a CFE.<\/p>\n<p>Es m\u00e1s, tu sistema de paneles solares es muy sencillo ya que se compone de paneles, estructura, inversor \u00f3 microinversores, cables e interruptores y medidor bidireccional.Adem\u00e1s, el medidor bidireccional lo suministra CFE sin costo.<\/p>\n<h2 style=\"text-align: center;\">Ejemplos de paneles solares que instala <a href=\"http:\/\/orledsolar.com\">Cryplant<\/a> en residencias y casas<\/h2>\n<p>[\/vc_column_text][\/vc_column][\/vc_row][vc_row][vc_column][vc_row_inner css=\u00bb.vc_custom_1564620864527{margin-bottom: 30px !important;}\u00bb][vc_column_inner width=\u00bb1\/3&#8243;]<div id=\"dt_portfolios-362\" class=\"portfolio type3\">\t<figure>\t\t<img decoding=\"async\" src=\"https:\/\/cryplant.com\/wp-content\/uploads\/2019\/07\/IMG_9309-e1565116614649.jpg\" alt=\"Jos\u00e9\" title=\"Jos\u00e9\"\/>\t\t<div class=\"image-overlay\"><div class=\"links\"><a title=\"Jos\u00e9\" href=\"https:\/\/cryplant.com\/paneles-solares\/dt_portfolios\/snyder\/\">Jos\u00e9<\/a><\/div>\t\t<\/div>\t<\/figure><\/div>Cuernavaca,Mor. 2.7 KWp.[\/vc_column_inner][vc_column_inner width=\u00bb1\/3&#8243;]<div id=\"dt_portfolios-360\" class=\"portfolio type3\">\t<figure>\t\t<img decoding=\"async\" src=\"https:\/\/cryplant.com\/wp-content\/uploads\/2019\/07\/Sarmiento-002-e1564767315598.jpg\" alt=\"Antonio\" title=\"Antonio\"\/>\t\t<div class=\"image-overlay\"><div class=\"links\"><a title=\"Antonio\" href=\"https:\/\/cryplant.com\/paneles-solares\/dt_portfolios\/sarmiento\/\">Antonio<\/a><\/div>\t\t<\/div>\t<\/figure><\/div>Ocotepec,\u00a0 Mor, 2.16 KWp.[\/vc_column_inner][vc_column_inner width=\u00bb1\/3&#8243;]<div id=\"dt_portfolios-358\" class=\"portfolio type3\">\t<figure>\t\t<img decoding=\"async\" src=\"https:\/\/cryplant.com\/wp-content\/uploads\/2019\/07\/IMG_03661400110-e1565116918603.jpg\" alt=\"Rodrigo\" title=\"Rodrigo\"\/>\t\t<div class=\"image-overlay\"><div class=\"links\"><a title=\"Rodrigo\" href=\"https:\/\/cryplant.com\/paneles-solares\/dt_portfolios\/rodrigo-arteaga\/\">Rodrigo<\/a><\/div>\t\t<\/div>\t<\/figure><\/div>Cuernavaca, Mor, 4.32 KWp.[\/vc_column_inner][\/vc_row_inner][vc_row_inner css=\u00bb.vc_custom_1564620871878{margin-bottom: 30px !important;}\u00bb][vc_column_inner width=\u00bb1\/3&#8243;]<div id=\"dt_portfolios-355\" class=\"portfolio type3\">\t<figure>\t\t<img decoding=\"async\" src=\"https:\/\/cryplant.com\/wp-content\/uploads\/2019\/07\/quintas1.jpg\" alt=\"Real Las Quintas\" title=\"Real Las Quintas\"\/>\t\t<div class=\"image-overlay\"><div class=\"links\"><a title=\"Real Las Quintas\" href=\"https:\/\/cryplant.com\/paneles-solares\/dt_portfolios\/real-las-quintas\/\">Real Las Quintas<\/a><\/div>\t\t<\/div>\t<\/figure><\/div>Cuernavaca,\u00a0 Mor, 6.5 KWp.[\/vc_column_inner][vc_column_inner width=\u00bb1\/3&#8243;]<div id=\"dt_portfolios-346\" class=\"portfolio type3\">\t<figure>\t\t<img decoding=\"async\" src=\"https:\/\/cryplant.com\/wp-content\/uploads\/2019\/07\/Mota.jpg\" alt=\"Teresa\" title=\"Teresa\"\/>\t\t<div class=\"image-overlay\"><div class=\"links\"><a title=\"Teresa\" href=\"https:\/\/cryplant.com\/paneles-solares\/dt_portfolios\/mota\/\">Teresa<\/a><\/div>\t\t<\/div>\t<\/figure><\/div>Cuernavaca, Mor. 4.6 KWp.[\/vc_column_inner][vc_column_inner width=\u00bb1\/3&#8243;]<div id=\"dt_portfolios-344\" class=\"portfolio type3\">\t<figure>\t\t<img decoding=\"async\" src=\"https:\/\/cryplant.com\/wp-content\/uploads\/2019\/07\/mauricio.jpg\" alt=\"Mauricio\" title=\"Mauricio\"\/>\t\t<div class=\"image-overlay\"><div class=\"links\"><a title=\"Mauricio\" href=\"https:\/\/cryplant.com\/paneles-solares\/dt_portfolios\/mauricio-medina\/\">Mauricio<\/a><\/div>\t\t<\/div>\t<\/figure><\/div>Naucalpan, Edo. de M\u00e9xico\u00a0 2.16 KWp.[\/vc_column_inner][\/vc_row_inner][vc_row_inner css=\u00bb.vc_custom_1564620879310{margin-bottom: 30px !important;}\u00bb][vc_column_inner width=\u00bb1\/3&#8243;]<div id=\"dt_portfolios-339\" class=\"portfolio type3\">\t<figure>\t\t<img decoding=\"async\" src=\"https:\/\/cryplant.com\/wp-content\/uploads\/2019\/07\/lorena3.jpg\" alt=\"Lorena\" title=\"Lorena\"\/>\t\t<div class=\"image-overlay\"><div class=\"links\"><a title=\"Lorena\" href=\"https:\/\/cryplant.com\/paneles-solares\/dt_portfolios\/lorenaorozco\/\">Lorena<\/a><\/div>\t\t<\/div>\t<\/figure><\/div>Cuernavaca,\u00a0 Mor, 6 KWp.[\/vc_column_inner][vc_column_inner width=\u00bb1\/3&#8243;]<div id=\"dt_portfolios-335\" class=\"portfolio type3\">\t<figure>\t\t<img decoding=\"async\" src=\"https:\/\/cryplant.com\/wp-content\/uploads\/2019\/07\/lluvia1.jpg\" alt=\"Lluvia\" title=\"Lluvia\"\/>\t\t<div class=\"image-overlay\"><div class=\"links\"><a title=\"Lluvia\" href=\"https:\/\/cryplant.com\/paneles-solares\/dt_portfolios\/lluvia455\/\">Lluvia<\/a><\/div>\t\t<\/div>\t<\/figure><\/div>Ciudad de M\u00e9xico, 12 KWp.[\/vc_column_inner][vc_column_inner width=\u00bb1\/3&#8243;]<div id=\"dt_portfolios-332\" class=\"portfolio type3\">\t<figure>\t\t<img decoding=\"async\" src=\"https:\/\/cryplant.com\/wp-content\/uploads\/2019\/07\/karuna2.jpg\" alt=\"Karuna\" title=\"Karuna\"\/>\t\t<div class=\"image-overlay\"><div class=\"links\"><a title=\"Karuna\" href=\"https:\/\/cryplant.com\/paneles-solares\/dt_portfolios\/karuna\/\">Karuna<\/a><\/div>\t\t<\/div>\t<\/figure><\/div>Temixco, Mor, 2.9 KWp.[\/vc_column_inner][\/vc_row_inner][vc_row_inner][vc_column_inner width=\u00bb1\/3&#8243;]<div id=\"dt_portfolios-323\" class=\"portfolio type3\">\t<figure>\t\t<img decoding=\"async\" src=\"https:\/\/cryplant.com\/wp-content\/uploads\/2019\/07\/IMG_9749-e1565118421707.jpg\" alt=\"Irma\" title=\"Irma\"\/>\t\t<div class=\"image-overlay\"><div class=\"links\"><a title=\"Irma\" href=\"https:\/\/cryplant.com\/paneles-solares\/dt_portfolios\/irma-ponce\/\">Irma<\/a><\/div>\t\t<\/div>\t<\/figure><\/div>Cuernavaca,\u00a0 Mor, 3.24 KWp.[\/vc_column_inner][vc_column_inner width=\u00bb1\/3&#8243;]<div id=\"dt_portfolios-321\" class=\"portfolio type3\">\t<figure>\t\t<img decoding=\"async\" src=\"https:\/\/cryplant.com\/wp-content\/uploads\/2019\/08\/hogan.jpg\" alt=\"Amatl\u00e1n\" title=\"Amatl\u00e1n\"\/>\t\t<div class=\"image-overlay\"><div class=\"links\"><a title=\"Amatl\u00e1n\" href=\"https:\/\/cryplant.com\/paneles-solares\/dt_portfolios\/hogan\/\">Amatl\u00e1n<\/a><\/div>\t\t<\/div>\t<\/figure><\/div>Amatl\u00e1n, Mor,\u00a0 7.8 KWp.[\/vc_column_inner][vc_column_inner width=\u00bb1\/3&#8243;]<div id=\"dt_portfolios-317\" class=\"portfolio type3\">\t<figure>\t\t<img decoding=\"async\" src=\"https:\/\/cryplant.com\/wp-content\/uploads\/2019\/07\/bernardo.jpg\" alt=\"Bernardo\" title=\"Bernardo\"\/>\t\t<div class=\"image-overlay\"><div class=\"links\"><a title=\"Bernardo\" href=\"https:\/\/cryplant.com\/paneles-solares\/dt_portfolios\/bernardo\/\">Bernardo<\/a><\/div>\t\t<\/div>\t<\/figure><\/div>La Herradura, Mor, 2.5 KWp.[\/vc_column_inner][\/vc_row_inner][\/vc_column][\/vc_row]<\/p>\n","protected":false},"excerpt":{"rendered":"<p>[vc_row css=\u00bb.vc_custom_1565133680059{margin-top: 30px !important;}\u00bb][vc_column][vc_column_text css=\u00bb.vc_custom_1565133691103{margin-top: 30px !important;}\u00bb] \u00a0 \u00a0 \u00a0 \u00a0 \u00a0 \u00a0 \u00a0 PANELES SOLARES PARA RESIDENCIAS Los paneles solares son excelentes para disminuir el consumo de energ\u00eda el\u00e9ctrica.Por ello est\u00e1n indicados para aquellas casas \u00f3 residencias que est\u00e1n en tarifa DAC.Tambi\u00e9n para casos de tarifa 1 que est\u00e1n pr\u00f3ximos a entrar en tarifa [&hellip;]<\/p>\n","protected":false},"author":3,"featured_media":0,"parent":0,"menu_order":0,"comment_status":"closed","ping_status":"closed","template":"","meta":{"footnotes":""},"class_list":["post-393","page","type-page","status-publish","hentry"],"yoast_head":"<!-- This site is optimized with the Yoast SEO plugin v19.12 - https:\/\/yoast.com\/wordpress\/plugins\/seo\/ -->\n<title>Residencias con Paneles Solares | Cuernavaca y M\u00e9xico<\/title>\n<meta name=\"description\" content=\"La instalaci\u00f3n de paneles solares en residencias te permite minimizar tus pagos a CFE, en 3 a\u00f1os \u00f3 menos recuperas tu inversi\u00f3n.Instalamos en Cuernavaca.\" \/>\n<meta name=\"robots\" content=\"index, follow, max-snippet:-1, max-image-preview:large, max-video-preview:-1\" \/>\n<link rel=\"canonical\" href=\"https:\/\/cryplant.com\/paneles-solares\/residencias\/\" \/>\n<meta property=\"og:locale\" content=\"es_ES\" \/>\n<meta property=\"og:type\" content=\"article\" \/>\n<meta property=\"og:title\" content=\"Residencias con Paneles Solares | Cuernavaca y M\u00e9xico\" \/>\n<meta property=\"og:description\" content=\"La instalaci\u00f3n de paneles solares en residencias te permite minimizar tus pagos a CFE, en 3 a\u00f1os \u00f3 menos recuperas tu inversi\u00f3n.Instalamos en Cuernavaca.\" \/>\n<meta property=\"og:url\" content=\"https:\/\/cryplant.com\/paneles-solares\/residencias\/\" \/>\n<meta property=\"og:site_name\" content=\"Paneles Solares | Venta e Instalaci\u00f3n | Cuernavaca y M\u00e9xico\" \/>\n<meta property=\"article:publisher\" content=\"https:\/\/www.facebook.com\/CRYPLANT\/\" \/>\n<meta property=\"article:modified_time\" content=\"2020-04-01T17:53:41+00:00\" \/>\n<meta name=\"twitter:card\" content=\"summary_large_image\" \/>\n<meta name=\"twitter:site\" content=\"@cryplant\" \/>\n<meta name=\"twitter:label1\" content=\"Tiempo de lectura\" \/>\n\t<meta name=\"twitter:data1\" content=\"2 minutos\" \/>\n<script type=\"application\/ld+json\" class=\"yoast-schema-graph\">{\"@context\":\"https:\/\/schema.org\",\"@graph\":[{\"@type\":\"WebPage\",\"@id\":\"https:\/\/cryplant.com\/paneles-solares\/residencias\/\",\"url\":\"https:\/\/cryplant.com\/paneles-solares\/residencias\/\",\"name\":\"Residencias con Paneles Solares | Cuernavaca y M\u00e9xico\",\"isPartOf\":{\"@id\":\"https:\/\/cryplant.com\/paneles-solares\/#website\"},\"datePublished\":\"2019-07-30T18:12:06+00:00\",\"dateModified\":\"2020-04-01T17:53:41+00:00\",\"description\":\"La instalaci\u00f3n de paneles solares en residencias te permite minimizar tus pagos a CFE, en 3 a\u00f1os \u00f3 menos recuperas tu inversi\u00f3n.Instalamos en Cuernavaca.\",\"breadcrumb\":{\"@id\":\"https:\/\/cryplant.com\/paneles-solares\/residencias\/#breadcrumb\"},\"inLanguage\":\"es\",\"potentialAction\":[{\"@type\":\"ReadAction\",\"target\":[\"https:\/\/cryplant.com\/paneles-solares\/residencias\/\"]}]},{\"@type\":\"BreadcrumbList\",\"@id\":\"https:\/\/cryplant.com\/paneles-solares\/residencias\/#breadcrumb\",\"itemListElement\":[{\"@type\":\"ListItem\",\"position\":1,\"name\":\"Portada\",\"item\":\"https:\/\/cryplant.com\/paneles-solares\/\"},{\"@type\":\"ListItem\",\"position\":2,\"name\":\"Residencias\"}]},{\"@type\":\"WebSite\",\"@id\":\"https:\/\/cryplant.com\/paneles-solares\/#website\",\"url\":\"https:\/\/cryplant.com\/paneles-solares\/\",\"name\":\"Paneles Solares | Venta e Instalaci\u00f3n | Cuernavaca y M\u00e9xico\",\"description\":\"Ahorra 95 % en tu recibo de CFE con Cryplant y sus Paneles Solares\",\"publisher\":{\"@id\":\"https:\/\/cryplant.com\/paneles-solares\/#organization\"},\"potentialAction\":[{\"@type\":\"SearchAction\",\"target\":{\"@type\":\"EntryPoint\",\"urlTemplate\":\"https:\/\/cryplant.com\/paneles-solares\/?s={search_term_string}\"},\"query-input\":\"required name=search_term_string\"}],\"inLanguage\":\"es\"},{\"@type\":\"Organization\",\"@id\":\"https:\/\/cryplant.com\/paneles-solares\/#organization\",\"name\":\"Cryplant Paneles Solares\",\"url\":\"https:\/\/cryplant.com\/paneles-solares\/\",\"logo\":{\"@type\":\"ImageObject\",\"inLanguage\":\"es\",\"@id\":\"https:\/\/cryplant.com\/paneles-solares\/#\/schema\/logo\/image\/\",\"url\":\"https:\/\/cryplant.com\/wp-content\/uploads\/2019\/05\/planta.png\",\"contentUrl\":\"https:\/\/cryplant.com\/wp-content\/uploads\/2019\/05\/planta.png\",\"width\":512,\"height\":512,\"caption\":\"Cryplant Paneles Solares\"},\"image\":{\"@id\":\"https:\/\/cryplant.com\/paneles-solares\/#\/schema\/logo\/image\/\"},\"sameAs\":[\"https:\/\/www.facebook.com\/CRYPLANT\/\",\"https:\/\/twitter.com\/cryplant\"]}]}<\/script>\n<!-- \/ Yoast SEO plugin. -->","yoast_head_json":{"title":"Residencias con Paneles Solares | Cuernavaca y M\u00e9xico","description":"La instalaci\u00f3n de paneles solares en residencias te permite minimizar tus pagos a CFE, en 3 a\u00f1os \u00f3 menos recuperas tu inversi\u00f3n.Instalamos en Cuernavaca.","robots":{"index":"index","follow":"follow","max-snippet":"max-snippet:-1","max-image-preview":"max-image-preview:large","max-video-preview":"max-video-preview:-1"},"canonical":"https:\/\/cryplant.com\/paneles-solares\/residencias\/","og_locale":"es_ES","og_type":"article","og_title":"Residencias con Paneles Solares | Cuernavaca y M\u00e9xico","og_description":"La instalaci\u00f3n de paneles solares en residencias te permite minimizar tus pagos a CFE, en 3 a\u00f1os \u00f3 menos recuperas tu inversi\u00f3n.Instalamos en Cuernavaca.","og_url":"https:\/\/cryplant.com\/paneles-solares\/residencias\/","og_site_name":"Paneles Solares | Venta e Instalaci\u00f3n | Cuernavaca y M\u00e9xico","article_publisher":"https:\/\/www.facebook.com\/CRYPLANT\/","article_modified_time":"2020-04-01T17:53:41+00:00","twitter_card":"summary_large_image","twitter_site":"@cryplant","twitter_misc":{"Tiempo de lectura":"2 minutos"},"schema":{"@context":"https:\/\/schema.org","@graph":[{"@type":"WebPage","@id":"https:\/\/cryplant.com\/paneles-solares\/residencias\/","url":"https:\/\/cryplant.com\/paneles-solares\/residencias\/","name":"Residencias con Paneles Solares | Cuernavaca y M\u00e9xico","isPartOf":{"@id":"https:\/\/cryplant.com\/paneles-solares\/#website"},"datePublished":"2019-07-30T18:12:06+00:00","dateModified":"2020-04-01T17:53:41+00:00","description":"La instalaci\u00f3n de paneles solares en residencias te permite minimizar tus pagos a CFE, en 3 a\u00f1os \u00f3 menos recuperas tu inversi\u00f3n.Instalamos en Cuernavaca.","breadcrumb":{"@id":"https:\/\/cryplant.com\/paneles-solares\/residencias\/#breadcrumb"},"inLanguage":"es","potentialAction":[{"@type":"ReadAction","target":["https:\/\/cryplant.com\/paneles-solares\/residencias\/"]}]},{"@type":"BreadcrumbList","@id":"https:\/\/cryplant.com\/paneles-solares\/residencias\/#breadcrumb","itemListElement":[{"@type":"ListItem","position":1,"name":"Portada","item":"https:\/\/cryplant.com\/paneles-solares\/"},{"@type":"ListItem","position":2,"name":"Residencias"}]},{"@type":"WebSite","@id":"https:\/\/cryplant.com\/paneles-solares\/#website","url":"https:\/\/cryplant.com\/paneles-solares\/","name":"Paneles Solares | Venta e Instalaci\u00f3n | Cuernavaca y M\u00e9xico","description":"Ahorra 95 % en tu recibo de CFE con Cryplant y sus Paneles Solares","publisher":{"@id":"https:\/\/cryplant.com\/paneles-solares\/#organization"},"potentialAction":[{"@type":"SearchAction","target":{"@type":"EntryPoint","urlTemplate":"https:\/\/cryplant.com\/paneles-solares\/?s={search_term_string}"},"query-input":"required name=search_term_string"}],"inLanguage":"es"},{"@type":"Organization","@id":"https:\/\/cryplant.com\/paneles-solares\/#organization","name":"Cryplant Paneles Solares","url":"https:\/\/cryplant.com\/paneles-solares\/","logo":{"@type":"ImageObject","inLanguage":"es","@id":"https:\/\/cryplant.com\/paneles-solares\/#\/schema\/logo\/image\/","url":"https:\/\/cryplant.com\/wp-content\/uploads\/2019\/05\/planta.png","contentUrl":"https:\/\/cryplant.com\/wp-content\/uploads\/2019\/05\/planta.png","width":512,"height":512,"caption":"Cryplant Paneles Solares"},"image":{"@id":"https:\/\/cryplant.com\/paneles-solares\/#\/schema\/logo\/image\/"},"sameAs":["https:\/\/www.facebook.com\/CRYPLANT\/","https:\/\/twitter.com\/cryplant"]}]}},"_links":{"self":[{"href":"https:\/\/cryplant.com\/paneles-solares\/wp-json\/wp\/v2\/pages\/393","targetHints":{"allow":["GET"]}}],"collection":[{"href":"https:\/\/cryplant.com\/paneles-solares\/wp-json\/wp\/v2\/pages"}],"about":[{"href":"https:\/\/cryplant.com\/paneles-solares\/wp-json\/wp\/v2\/types\/page"}],"author":[{"embeddable":true,"href":"https:\/\/cryplant.com\/paneles-solares\/wp-json\/wp\/v2\/users\/3"}],"replies":[{"embeddable":true,"href":"https:\/\/cryplant.com\/paneles-solares\/wp-json\/wp\/v2\/comments?post=393"}],"version-history":[{"count":29,"href":"https:\/\/cryplant.com\/paneles-solares\/wp-json\/wp\/v2\/pages\/393\/revisions"}],"predecessor-version":[{"id":1028,"href":"https:\/\/cryplant.com\/paneles-solares\/wp-json\/wp\/v2\/pages\/393\/revisions\/1028"}],"wp:attachment":[{"href":"https:\/\/cryplant.com\/paneles-solares\/wp-json\/wp\/v2\/media?parent=393"}],"curies":[{"name":"wp","href":"https:\/\/api.w.org\/{rel}","templated":true}]}}