{"id":416,"date":"2019-08-01T03:54:30","date_gmt":"2019-07-31T22:54:30","guid":{"rendered":"https:\/\/cryplant.com\/?page_id=416"},"modified":"2020-03-25T13:37:43","modified_gmt":"2020-03-25T18:37:43","slug":"sistemas-de-respaldo","status":"publish","type":"page","link":"https:\/\/cryplant.com\/paneles-solares\/sistemas-de-respaldo\/","title":{"rendered":"Sistemas de Respaldo"},"content":{"rendered":"<p>[vc_section][vc_row css=\u00bb.vc_custom_1564614107260{margin-top: 10px !important;}\u00bb][vc_column css=\u00bb.vc_custom_1564614135468{margin-top: 80px !important;}\u00bb][vc_single_image image=\u00bb431&#8243; img_size=\u00bb150&#215;150&#8243; alignment=\u00bbcenter\u00bb][vc_column_text]<\/p>\n<h1 style=\"text-align: center;\">Sistemas de respaldo <a href=\"http:\/\/kenjitsulatam.com\">Kenjitsu<\/a><\/h1>\n<p>[\/vc_column_text][\/vc_column][\/vc_row][vc_row css=\u00bb.vc_custom_1559252835220{margin-top: 60px !important;margin-bottom: 60px !important;}\u00bb][vc_column][vc_row_inner][vc_column_inner width=\u00bb1\/2&#8243;][vc_column_text]<\/p>\n<h3>Kenjitsu es uno de los l\u00edderes mundiales en fuentes de poder ininterrumpidas. ( Sistemas de Respaldo, no Break, \u00f3 UPS ).<\/h3>\n<p>Cryplant suministra fuentes de poder desde 1 KVA hasta 120 KVA.Nuestras fuentes dan voltajes de 120,200,208 y 220 VCA.Para 1, 2 \u00f3 3 fases ).Kenjitsu ofrece\u00a0 una gran calidad a un precio muy accesible.La garant\u00eda de nuestros equipos es de 2 a\u00f1os.<\/p>\n<p>Nuestras fuentes dan protecci\u00f3n a sistemas de alta disponibilidad y equipos cr\u00edticos como los que se encuentran en casa, oficinas, telecomunicaciones, c\u00f3mputo, equipo m\u00e9dico, sistemas de seguridad , etc.<\/p>\n<p>Con los Sistemas de Respaldo Kenjitsu vas a alcanzar una gran seguridad en tus instalaciones.No m\u00e1s p\u00e9rdida de trabajo en computadoras por apagones. Tambi\u00e9n cero fallas en sistemas de alarma por cortes prolongados del suministro el\u00e9ctrico.<\/p>\n<p>Las principales caracter\u00edsticas de los Sistemas de Respaldo Kenjitsu son :<\/p>\n<p>UPS de Doble Conversi\u00f3n (On-Line), alta frecuencia<br \/>\nTecnolog\u00eda de Control Digital por Display DSP<br \/>\nCorrecci\u00f3n de Factor de Potencia de entrada (PFC)<br \/>\nAmplio rango de voltaje de entrada, sin pasar a bater\u00edas<br \/>\nFactor de Potencia en salida 0.9<br \/>\nArranque en frio (encendido en CD)<br \/>\nFrecuencia auto adaptable<br \/>\nModo ECO para ahorro de energ\u00eda<br \/>\nVoltaje de salida seleccionable a trav\u00e9s de LCD<br \/>\nBajo voltaje de bater\u00eda seleccionable a trav\u00e9s de LCD<br \/>\nDiagn\u00f3stico autom\u00e1tico al encendido<\/p>\n<p>Kenjitsu tambi\u00e9n ofrece l\u00e1mparas LED para luminarias solares y bater\u00edas solares.Cryplant te puede suministrar luminarias solares Kenjitsu de una gran calidad.[\/vc_column_text]<a href='https:\/\/cryplant.com\/wp-content\/uploads\/2019\/08\/Cata\u0301logo-Bateri\u0301as-y-UPS-Kenjitsu-Osonix.pdf' target='_self' title='' class='dt-sc-button   large icon-left with-icon  cyan  bounce ' >Descargar ficha t\u00e9cnica <span class='fa fa-file-pdf-o'> <\/span><\/a>[\/vc_column_inner][vc_column_inner width=\u00bb1\/2&#8243;][vc_single_image image=\u00bb419&#8243; img_size=\u00bbfull\u00bb][\/vc_column_inner][\/vc_row_inner][\/vc_column][\/vc_row][\/vc_section]<\/p>\n","protected":false},"excerpt":{"rendered":"<p>[vc_section][vc_row css=\u00bb.vc_custom_1564614107260{margin-top: 10px !important;}\u00bb][vc_column css=\u00bb.vc_custom_1564614135468{margin-top: 80px !important;}\u00bb][vc_single_image image=\u00bb431&#8243; img_size=\u00bb150&#215;150&#8243; alignment=\u00bbcenter\u00bb][vc_column_text] Sistemas de respaldo Kenjitsu [\/vc_column_text][\/vc_column][\/vc_row][vc_row css=\u00bb.vc_custom_1559252835220{margin-top: 60px !important;margin-bottom: 60px !important;}\u00bb][vc_column][vc_row_inner][vc_column_inner width=\u00bb1\/2&#8243;][vc_column_text] Kenjitsu es uno de los l\u00edderes mundiales en fuentes de poder ininterrumpidas. ( Sistemas de Respaldo, no Break, \u00f3 UPS ). Cryplant suministra fuentes de poder desde 1 KVA hasta 120 KVA.Nuestras fuentes dan [&hellip;]<\/p>\n","protected":false},"author":3,"featured_media":431,"parent":0,"menu_order":0,"comment_status":"closed","ping_status":"closed","template":"","meta":{"footnotes":""},"class_list":["post-416","page","type-page","status-publish","has-post-thumbnail","hentry"],"yoast_head":"<!-- This site is optimized with the Yoast SEO plugin v19.12 - https:\/\/yoast.com\/wordpress\/plugins\/seo\/ -->\n<title>Sistemas de Respaldo Kenjitsu | Fuentes de Poder | Cryplant<\/title>\n<meta name=\"description\" content=\"Kenjitsu es lider mundial en sistemas de respaldo ( UPS , no-break ).Si necesitas una fuente de poder, en Cryplant te ofrecemos una amplia variedad.\" \/>\n<meta name=\"robots\" content=\"index, follow, max-snippet:-1, max-image-preview:large, max-video-preview:-1\" \/>\n<link rel=\"canonical\" href=\"https:\/\/cryplant.com\/paneles-solares\/sistemas-de-respaldo\/\" \/>\n<meta property=\"og:locale\" content=\"es_ES\" \/>\n<meta property=\"og:type\" content=\"article\" \/>\n<meta property=\"og:title\" content=\"Sistemas de Respaldo Kenjitsu | Fuentes de Poder | Cryplant\" \/>\n<meta property=\"og:description\" content=\"Kenjitsu es lider mundial en sistemas de respaldo ( UPS , no-break ).Si necesitas una fuente de poder, en Cryplant te ofrecemos una amplia variedad.\" \/>\n<meta property=\"og:url\" content=\"https:\/\/cryplant.com\/paneles-solares\/sistemas-de-respaldo\/\" \/>\n<meta property=\"og:site_name\" content=\"Paneles Solares | Venta e Instalaci\u00f3n | Cuernavaca y M\u00e9xico\" \/>\n<meta property=\"article:publisher\" content=\"https:\/\/www.facebook.com\/CRYPLANT\/\" \/>\n<meta property=\"article:modified_time\" content=\"2020-03-25T18:37:43+00:00\" \/>\n<meta property=\"og:image\" content=\"https:\/\/cryplant.com\/wp-content\/uploads\/2019\/08\/Kenjitsu-3.jpg\" \/>\n\t<meta property=\"og:image:width\" content=\"600\" \/>\n\t<meta property=\"og:image:height\" content=\"600\" \/>\n\t<meta property=\"og:image:type\" content=\"image\/jpeg\" \/>\n<meta name=\"twitter:card\" content=\"summary_large_image\" \/>\n<meta name=\"twitter:site\" content=\"@cryplant\" \/>\n<meta name=\"twitter:label1\" content=\"Tiempo de lectura\" \/>\n\t<meta name=\"twitter:data1\" content=\"2 minutos\" \/>\n<script type=\"application\/ld+json\" class=\"yoast-schema-graph\">{\"@context\":\"https:\/\/schema.org\",\"@graph\":[{\"@type\":\"WebPage\",\"@id\":\"https:\/\/cryplant.com\/paneles-solares\/sistemas-de-respaldo\/\",\"url\":\"https:\/\/cryplant.com\/paneles-solares\/sistemas-de-respaldo\/\",\"name\":\"Sistemas de Respaldo Kenjitsu | Fuentes de Poder | Cryplant\",\"isPartOf\":{\"@id\":\"https:\/\/cryplant.com\/paneles-solares\/#website\"},\"datePublished\":\"2019-07-31T22:54:30+00:00\",\"dateModified\":\"2020-03-25T18:37:43+00:00\",\"description\":\"Kenjitsu es lider mundial en sistemas de respaldo ( UPS , no-break ).Si necesitas una fuente de poder, en Cryplant te ofrecemos una amplia variedad.\",\"breadcrumb\":{\"@id\":\"https:\/\/cryplant.com\/paneles-solares\/sistemas-de-respaldo\/#breadcrumb\"},\"inLanguage\":\"es\",\"potentialAction\":[{\"@type\":\"ReadAction\",\"target\":[\"https:\/\/cryplant.com\/paneles-solares\/sistemas-de-respaldo\/\"]}]},{\"@type\":\"BreadcrumbList\",\"@id\":\"https:\/\/cryplant.com\/paneles-solares\/sistemas-de-respaldo\/#breadcrumb\",\"itemListElement\":[{\"@type\":\"ListItem\",\"position\":1,\"name\":\"Portada\",\"item\":\"https:\/\/cryplant.com\/paneles-solares\/\"},{\"@type\":\"ListItem\",\"position\":2,\"name\":\"Sistemas de Respaldo\"}]},{\"@type\":\"WebSite\",\"@id\":\"https:\/\/cryplant.com\/paneles-solares\/#website\",\"url\":\"https:\/\/cryplant.com\/paneles-solares\/\",\"name\":\"Paneles Solares | Venta e Instalaci\u00f3n | Cuernavaca y M\u00e9xico\",\"description\":\"Ahorra 95 % en tu recibo de CFE con Cryplant y sus Paneles Solares\",\"publisher\":{\"@id\":\"https:\/\/cryplant.com\/paneles-solares\/#organization\"},\"potentialAction\":[{\"@type\":\"SearchAction\",\"target\":{\"@type\":\"EntryPoint\",\"urlTemplate\":\"https:\/\/cryplant.com\/paneles-solares\/?s={search_term_string}\"},\"query-input\":\"required name=search_term_string\"}],\"inLanguage\":\"es\"},{\"@type\":\"Organization\",\"@id\":\"https:\/\/cryplant.com\/paneles-solares\/#organization\",\"name\":\"Cryplant Paneles Solares\",\"url\":\"https:\/\/cryplant.com\/paneles-solares\/\",\"logo\":{\"@type\":\"ImageObject\",\"inLanguage\":\"es\",\"@id\":\"https:\/\/cryplant.com\/paneles-solares\/#\/schema\/logo\/image\/\",\"url\":\"https:\/\/cryplant.com\/wp-content\/uploads\/2019\/05\/planta.png\",\"contentUrl\":\"https:\/\/cryplant.com\/wp-content\/uploads\/2019\/05\/planta.png\",\"width\":512,\"height\":512,\"caption\":\"Cryplant Paneles Solares\"},\"image\":{\"@id\":\"https:\/\/cryplant.com\/paneles-solares\/#\/schema\/logo\/image\/\"},\"sameAs\":[\"https:\/\/www.facebook.com\/CRYPLANT\/\",\"https:\/\/twitter.com\/cryplant\"]}]}<\/script>\n<!-- \/ Yoast SEO plugin. -->","yoast_head_json":{"title":"Sistemas de Respaldo Kenjitsu | Fuentes de Poder | Cryplant","description":"Kenjitsu es lider mundial en sistemas de respaldo ( UPS , no-break ).Si necesitas una fuente de poder, en Cryplant te ofrecemos una amplia variedad.","robots":{"index":"index","follow":"follow","max-snippet":"max-snippet:-1","max-image-preview":"max-image-preview:large","max-video-preview":"max-video-preview:-1"},"canonical":"https:\/\/cryplant.com\/paneles-solares\/sistemas-de-respaldo\/","og_locale":"es_ES","og_type":"article","og_title":"Sistemas de Respaldo Kenjitsu | Fuentes de Poder | Cryplant","og_description":"Kenjitsu es lider mundial en sistemas de respaldo ( UPS , no-break ).Si necesitas una fuente de poder, en Cryplant te ofrecemos una amplia variedad.","og_url":"https:\/\/cryplant.com\/paneles-solares\/sistemas-de-respaldo\/","og_site_name":"Paneles Solares | Venta e Instalaci\u00f3n | Cuernavaca y M\u00e9xico","article_publisher":"https:\/\/www.facebook.com\/CRYPLANT\/","article_modified_time":"2020-03-25T18:37:43+00:00","og_image":[{"width":600,"height":600,"url":"https:\/\/cryplant.com\/wp-content\/uploads\/2019\/08\/Kenjitsu-3.jpg","type":"image\/jpeg"}],"twitter_card":"summary_large_image","twitter_site":"@cryplant","twitter_misc":{"Tiempo de lectura":"2 minutos"},"schema":{"@context":"https:\/\/schema.org","@graph":[{"@type":"WebPage","@id":"https:\/\/cryplant.com\/paneles-solares\/sistemas-de-respaldo\/","url":"https:\/\/cryplant.com\/paneles-solares\/sistemas-de-respaldo\/","name":"Sistemas de Respaldo Kenjitsu | Fuentes de Poder | Cryplant","isPartOf":{"@id":"https:\/\/cryplant.com\/paneles-solares\/#website"},"datePublished":"2019-07-31T22:54:30+00:00","dateModified":"2020-03-25T18:37:43+00:00","description":"Kenjitsu es lider mundial en sistemas de respaldo ( UPS , no-break ).Si necesitas una fuente de poder, en Cryplant te ofrecemos una amplia variedad.","breadcrumb":{"@id":"https:\/\/cryplant.com\/paneles-solares\/sistemas-de-respaldo\/#breadcrumb"},"inLanguage":"es","potentialAction":[{"@type":"ReadAction","target":["https:\/\/cryplant.com\/paneles-solares\/sistemas-de-respaldo\/"]}]},{"@type":"BreadcrumbList","@id":"https:\/\/cryplant.com\/paneles-solares\/sistemas-de-respaldo\/#breadcrumb","itemListElement":[{"@type":"ListItem","position":1,"name":"Portada","item":"https:\/\/cryplant.com\/paneles-solares\/"},{"@type":"ListItem","position":2,"name":"Sistemas de Respaldo"}]},{"@type":"WebSite","@id":"https:\/\/cryplant.com\/paneles-solares\/#website","url":"https:\/\/cryplant.com\/paneles-solares\/","name":"Paneles Solares | Venta e Instalaci\u00f3n | Cuernavaca y M\u00e9xico","description":"Ahorra 95 % en tu recibo de CFE con Cryplant y sus Paneles Solares","publisher":{"@id":"https:\/\/cryplant.com\/paneles-solares\/#organization"},"potentialAction":[{"@type":"SearchAction","target":{"@type":"EntryPoint","urlTemplate":"https:\/\/cryplant.com\/paneles-solares\/?s={search_term_string}"},"query-input":"required name=search_term_string"}],"inLanguage":"es"},{"@type":"Organization","@id":"https:\/\/cryplant.com\/paneles-solares\/#organization","name":"Cryplant Paneles Solares","url":"https:\/\/cryplant.com\/paneles-solares\/","logo":{"@type":"ImageObject","inLanguage":"es","@id":"https:\/\/cryplant.com\/paneles-solares\/#\/schema\/logo\/image\/","url":"https:\/\/cryplant.com\/wp-content\/uploads\/2019\/05\/planta.png","contentUrl":"https:\/\/cryplant.com\/wp-content\/uploads\/2019\/05\/planta.png","width":512,"height":512,"caption":"Cryplant Paneles Solares"},"image":{"@id":"https:\/\/cryplant.com\/paneles-solares\/#\/schema\/logo\/image\/"},"sameAs":["https:\/\/www.facebook.com\/CRYPLANT\/","https:\/\/twitter.com\/cryplant"]}]}},"_links":{"self":[{"href":"https:\/\/cryplant.com\/paneles-solares\/wp-json\/wp\/v2\/pages\/416","targetHints":{"allow":["GET"]}}],"collection":[{"href":"https:\/\/cryplant.com\/paneles-solares\/wp-json\/wp\/v2\/pages"}],"about":[{"href":"https:\/\/cryplant.com\/paneles-solares\/wp-json\/wp\/v2\/types\/page"}],"author":[{"embeddable":true,"href":"https:\/\/cryplant.com\/paneles-solares\/wp-json\/wp\/v2\/users\/3"}],"replies":[{"embeddable":true,"href":"https:\/\/cryplant.com\/paneles-solares\/wp-json\/wp\/v2\/comments?post=416"}],"version-history":[{"count":31,"href":"https:\/\/cryplant.com\/paneles-solares\/wp-json\/wp\/v2\/pages\/416\/revisions"}],"predecessor-version":[{"id":973,"href":"https:\/\/cryplant.com\/paneles-solares\/wp-json\/wp\/v2\/pages\/416\/revisions\/973"}],"wp:featuredmedia":[{"embeddable":true,"href":"https:\/\/cryplant.com\/paneles-solares\/wp-json\/wp\/v2\/media\/431"}],"wp:attachment":[{"href":"https:\/\/cryplant.com\/paneles-solares\/wp-json\/wp\/v2\/media?parent=416"}],"curies":[{"name":"wp","href":"https:\/\/api.w.org\/{rel}","templated":true}]}}