{"id":463,"date":"2019-08-01T05:10:21","date_gmt":"2019-08-01T00:10:21","guid":{"rendered":"https:\/\/cryplant.com\/?page_id=463"},"modified":"2020-03-26T20:28:14","modified_gmt":"2020-03-27T01:28:14","slug":"sistemas-aislados","status":"publish","type":"page","link":"https:\/\/cryplant.com\/paneles-solares\/sistemas-aislados\/","title":{"rendered":"Sistemas aislados"},"content":{"rendered":"<p>[vc_row][vc_column][vc_column_text css=\u00bb.vc_custom_1565574704595{margin-top: 30px !important;}\u00bb]<\/p>\n<h1 style=\"text-align: center;\">\u00bf Est\u00e1s sin el\u00e9ctricidad\u00a0 ?&#8230; Instala\u00a0 Sistemas Aislados de Paneles Solares con <a href=\"https:\/\/www.trojanbattery.com\/\">Cryplant<\/a>.<\/h1>\n<p>[\/vc_column_text][\/vc_column][\/vc_row][vc_row css=\u00bb.vc_custom_1565133759456{margin-top: 30px !important;}\u00bb][vc_column width=\u00bb1\/3&#8243;][\/vc_column][vc_column width=\u00bb1\/3&#8243;]<div id=\"dt_portfolios-472\" class=\"portfolio type3\">\t<figure>\t\t<img decoding=\"async\" src=\"https:\/\/cryplant.com\/wp-content\/uploads\/2019\/08\/jumil1.jpg\" alt=\"Cerro El Jumil\" title=\"Cerro El Jumil\"\/>\t\t<div class=\"image-overlay\"><div class=\"links\"><a title=\"Cerro El Jumil\" href=\"https:\/\/cryplant.com\/paneles-solares\/dt_portfolios\/cerro-el-jumil\/\">Cerro El Jumil<\/a><\/div>\t\t<\/div>\t<\/figure><\/div>[\/vc_column][vc_column width=\u00bb1\/3&#8243;]<div id=\"dt_portfolios-135\" class=\"portfolio type3\">\t<figure>\t\t<img decoding=\"async\" src=\"https:\/\/cryplant.com\/wp-content\/uploads\/2019\/06\/zapotitlan.jpg\" alt=\"Zapotitl\u00e1n\" title=\"Zapotitl\u00e1n\"\/>\t\t<div class=\"image-overlay\"><div class=\"links\"><a title=\"Zapotitl\u00e1n\" href=\"https:\/\/cryplant.com\/paneles-solares\/dt_portfolios\/zapotitlan\/\">Zapotitl\u00e1n<\/a><\/div>\t\t<\/div>\t<\/figure><\/div>[\/vc_column][\/vc_row][vc_row css=\u00bb.vc_custom_1565133769099{margin-top: 30px !important;}\u00bb][vc_column width=\u00bb1\/3&#8243;]<div id=\"dt_portfolios-129\" class=\"portfolio type3\">\t<figure>\t\t<img decoding=\"async\" src=\"https:\/\/cryplant.com\/wp-content\/uploads\/2019\/06\/apantitlan.jpg\" alt=\"Apantipan\" title=\"Apantipan\"\/>\t\t<div class=\"image-overlay\"><div class=\"links\"><a title=\"Apantipan\" href=\"https:\/\/cryplant.com\/paneles-solares\/dt_portfolios\/apantipan\/\">Apantipan<\/a><\/div>\t\t<\/div>\t<\/figure><\/div>[\/vc_column][vc_column width=\u00bb1\/3&#8243;]<div id=\"dt_portfolios-127\" class=\"portfolio type3\">\t<figure>\t\t<img decoding=\"async\" src=\"https:\/\/cryplant.com\/wp-content\/uploads\/2019\/06\/upemor.jpg\" alt=\"Upemor\" title=\"Upemor\"\/>\t\t<div class=\"image-overlay\"><div class=\"links\"><a title=\"Upemor\" href=\"https:\/\/cryplant.com\/paneles-solares\/dt_portfolios\/upemor\/\">Upemor<\/a><\/div>\t\t<\/div>\t<\/figure><\/div>[\/vc_column][vc_column width=\u00bb1\/3&#8243;]<div id=\"dt_portfolios-133\" class=\"portfolio type3\">\t<figure>\t\t<img decoding=\"async\" src=\"https:\/\/cryplant.com\/wp-content\/uploads\/2019\/06\/ierunam2.jpg\" alt=\"IER UNAM\" title=\"IER UNAM\"\/>\t\t<div class=\"image-overlay\"><div class=\"links\"><a title=\"IER UNAM\" href=\"https:\/\/cryplant.com\/paneles-solares\/dt_portfolios\/ier-unam\/\">IER UNAM<\/a><\/div>\t\t<\/div>\t<\/figure><\/div>[\/vc_column][\/vc_row]<\/p>\n","protected":false},"excerpt":{"rendered":"<p>[vc_row][vc_column][vc_column_text css=\u00bb.vc_custom_1565574704595{margin-top: 30px !important;}\u00bb] \u00bf Est\u00e1s sin el\u00e9ctricidad\u00a0 ?&#8230; Instala\u00a0 Sistemas Aislados de Paneles Solares con Cryplant. [\/vc_column_text][\/vc_column][\/vc_row][vc_row css=\u00bb.vc_custom_1565133759456{margin-top: 30px !important;}\u00bb][vc_column width=\u00bb1\/3&#8243;][\/vc_column][vc_column width=\u00bb1\/3&#8243;][\/vc_column][vc_column width=\u00bb1\/3&#8243;][\/vc_column][\/vc_row][vc_row css=\u00bb.vc_custom_1565133769099{margin-top: 30px !important;}\u00bb][vc_column width=\u00bb1\/3&#8243;][\/vc_column][vc_column width=\u00bb1\/3&#8243;][\/vc_column][vc_column width=\u00bb1\/3&#8243;][\/vc_column][\/vc_row]<\/p>\n","protected":false},"author":3,"featured_media":0,"parent":0,"menu_order":0,"comment_status":"closed","ping_status":"closed","template":"","meta":{"footnotes":""},"class_list":["post-463","page","type-page","status-publish","hentry"],"yoast_head":"<!-- This site is optimized with the Yoast SEO plugin v19.12 - https:\/\/yoast.com\/wordpress\/plugins\/seo\/ -->\n<title>Sistemas Aislados | Paneles Solares | Cuernavaca Morelos y M\u00e9xico<\/title>\n<meta name=\"description\" content=\"Los Sistemas Aislados de Paneles Solares, te permiten generar Electricidad en donde no hay red el\u00e9ctrica, como algunos ranchos,peque\u00f1os aer\u00f3dromos,etc.\" \/>\n<meta name=\"robots\" content=\"index, follow, max-snippet:-1, max-image-preview:large, max-video-preview:-1\" \/>\n<link rel=\"canonical\" href=\"https:\/\/cryplant.com\/paneles-solares\/sistemas-aislados\/\" \/>\n<meta property=\"og:locale\" content=\"es_ES\" \/>\n<meta property=\"og:type\" content=\"article\" \/>\n<meta property=\"og:title\" content=\"Sistemas Aislados | Paneles Solares | Cuernavaca Morelos y M\u00e9xico\" \/>\n<meta property=\"og:description\" content=\"Los Sistemas Aislados de Paneles Solares, te permiten generar Electricidad en donde no hay red el\u00e9ctrica, como algunos ranchos,peque\u00f1os aer\u00f3dromos,etc.\" \/>\n<meta property=\"og:url\" content=\"https:\/\/cryplant.com\/paneles-solares\/sistemas-aislados\/\" \/>\n<meta property=\"og:site_name\" content=\"Paneles Solares | Venta e Instalaci\u00f3n | Cuernavaca y M\u00e9xico\" \/>\n<meta property=\"article:publisher\" content=\"https:\/\/www.facebook.com\/CRYPLANT\/\" \/>\n<meta property=\"article:modified_time\" content=\"2020-03-27T01:28:14+00:00\" \/>\n<meta name=\"twitter:card\" content=\"summary_large_image\" \/>\n<meta name=\"twitter:site\" content=\"@cryplant\" \/>\n<meta name=\"twitter:label1\" content=\"Tiempo de lectura\" \/>\n\t<meta name=\"twitter:data1\" content=\"1 minuto\" \/>\n<script type=\"application\/ld+json\" class=\"yoast-schema-graph\">{\"@context\":\"https:\/\/schema.org\",\"@graph\":[{\"@type\":\"WebPage\",\"@id\":\"https:\/\/cryplant.com\/paneles-solares\/sistemas-aislados\/\",\"url\":\"https:\/\/cryplant.com\/paneles-solares\/sistemas-aislados\/\",\"name\":\"Sistemas Aislados | Paneles Solares | Cuernavaca Morelos y M\u00e9xico\",\"isPartOf\":{\"@id\":\"https:\/\/cryplant.com\/paneles-solares\/#website\"},\"datePublished\":\"2019-08-01T00:10:21+00:00\",\"dateModified\":\"2020-03-27T01:28:14+00:00\",\"description\":\"Los Sistemas Aislados de Paneles Solares, te permiten generar Electricidad en donde no hay red el\u00e9ctrica, como algunos ranchos,peque\u00f1os aer\u00f3dromos,etc.\",\"breadcrumb\":{\"@id\":\"https:\/\/cryplant.com\/paneles-solares\/sistemas-aislados\/#breadcrumb\"},\"inLanguage\":\"es\",\"potentialAction\":[{\"@type\":\"ReadAction\",\"target\":[\"https:\/\/cryplant.com\/paneles-solares\/sistemas-aislados\/\"]}]},{\"@type\":\"BreadcrumbList\",\"@id\":\"https:\/\/cryplant.com\/paneles-solares\/sistemas-aislados\/#breadcrumb\",\"itemListElement\":[{\"@type\":\"ListItem\",\"position\":1,\"name\":\"Portada\",\"item\":\"https:\/\/cryplant.com\/paneles-solares\/\"},{\"@type\":\"ListItem\",\"position\":2,\"name\":\"Sistemas aislados\"}]},{\"@type\":\"WebSite\",\"@id\":\"https:\/\/cryplant.com\/paneles-solares\/#website\",\"url\":\"https:\/\/cryplant.com\/paneles-solares\/\",\"name\":\"Paneles Solares | Venta e Instalaci\u00f3n | Cuernavaca y M\u00e9xico\",\"description\":\"Ahorra 95 % en tu recibo de CFE con Cryplant y sus Paneles Solares\",\"publisher\":{\"@id\":\"https:\/\/cryplant.com\/paneles-solares\/#organization\"},\"potentialAction\":[{\"@type\":\"SearchAction\",\"target\":{\"@type\":\"EntryPoint\",\"urlTemplate\":\"https:\/\/cryplant.com\/paneles-solares\/?s={search_term_string}\"},\"query-input\":\"required name=search_term_string\"}],\"inLanguage\":\"es\"},{\"@type\":\"Organization\",\"@id\":\"https:\/\/cryplant.com\/paneles-solares\/#organization\",\"name\":\"Cryplant Paneles Solares\",\"url\":\"https:\/\/cryplant.com\/paneles-solares\/\",\"logo\":{\"@type\":\"ImageObject\",\"inLanguage\":\"es\",\"@id\":\"https:\/\/cryplant.com\/paneles-solares\/#\/schema\/logo\/image\/\",\"url\":\"https:\/\/cryplant.com\/wp-content\/uploads\/2019\/05\/planta.png\",\"contentUrl\":\"https:\/\/cryplant.com\/wp-content\/uploads\/2019\/05\/planta.png\",\"width\":512,\"height\":512,\"caption\":\"Cryplant Paneles Solares\"},\"image\":{\"@id\":\"https:\/\/cryplant.com\/paneles-solares\/#\/schema\/logo\/image\/\"},\"sameAs\":[\"https:\/\/www.facebook.com\/CRYPLANT\/\",\"https:\/\/twitter.com\/cryplant\"]}]}<\/script>\n<!-- \/ Yoast SEO plugin. -->","yoast_head_json":{"title":"Sistemas Aislados | Paneles Solares | Cuernavaca Morelos y M\u00e9xico","description":"Los Sistemas Aislados de Paneles Solares, te permiten generar Electricidad en donde no hay red el\u00e9ctrica, como algunos ranchos,peque\u00f1os aer\u00f3dromos,etc.","robots":{"index":"index","follow":"follow","max-snippet":"max-snippet:-1","max-image-preview":"max-image-preview:large","max-video-preview":"max-video-preview:-1"},"canonical":"https:\/\/cryplant.com\/paneles-solares\/sistemas-aislados\/","og_locale":"es_ES","og_type":"article","og_title":"Sistemas Aislados | Paneles Solares | Cuernavaca Morelos y M\u00e9xico","og_description":"Los Sistemas Aislados de Paneles Solares, te permiten generar Electricidad en donde no hay red el\u00e9ctrica, como algunos ranchos,peque\u00f1os aer\u00f3dromos,etc.","og_url":"https:\/\/cryplant.com\/paneles-solares\/sistemas-aislados\/","og_site_name":"Paneles Solares | Venta e Instalaci\u00f3n | Cuernavaca y M\u00e9xico","article_publisher":"https:\/\/www.facebook.com\/CRYPLANT\/","article_modified_time":"2020-03-27T01:28:14+00:00","twitter_card":"summary_large_image","twitter_site":"@cryplant","twitter_misc":{"Tiempo de lectura":"1 minuto"},"schema":{"@context":"https:\/\/schema.org","@graph":[{"@type":"WebPage","@id":"https:\/\/cryplant.com\/paneles-solares\/sistemas-aislados\/","url":"https:\/\/cryplant.com\/paneles-solares\/sistemas-aislados\/","name":"Sistemas Aislados | Paneles Solares | Cuernavaca Morelos y M\u00e9xico","isPartOf":{"@id":"https:\/\/cryplant.com\/paneles-solares\/#website"},"datePublished":"2019-08-01T00:10:21+00:00","dateModified":"2020-03-27T01:28:14+00:00","description":"Los Sistemas Aislados de Paneles Solares, te permiten generar Electricidad en donde no hay red el\u00e9ctrica, como algunos ranchos,peque\u00f1os aer\u00f3dromos,etc.","breadcrumb":{"@id":"https:\/\/cryplant.com\/paneles-solares\/sistemas-aislados\/#breadcrumb"},"inLanguage":"es","potentialAction":[{"@type":"ReadAction","target":["https:\/\/cryplant.com\/paneles-solares\/sistemas-aislados\/"]}]},{"@type":"BreadcrumbList","@id":"https:\/\/cryplant.com\/paneles-solares\/sistemas-aislados\/#breadcrumb","itemListElement":[{"@type":"ListItem","position":1,"name":"Portada","item":"https:\/\/cryplant.com\/paneles-solares\/"},{"@type":"ListItem","position":2,"name":"Sistemas aislados"}]},{"@type":"WebSite","@id":"https:\/\/cryplant.com\/paneles-solares\/#website","url":"https:\/\/cryplant.com\/paneles-solares\/","name":"Paneles Solares | Venta e Instalaci\u00f3n | Cuernavaca y M\u00e9xico","description":"Ahorra 95 % en tu recibo de CFE con Cryplant y sus Paneles Solares","publisher":{"@id":"https:\/\/cryplant.com\/paneles-solares\/#organization"},"potentialAction":[{"@type":"SearchAction","target":{"@type":"EntryPoint","urlTemplate":"https:\/\/cryplant.com\/paneles-solares\/?s={search_term_string}"},"query-input":"required name=search_term_string"}],"inLanguage":"es"},{"@type":"Organization","@id":"https:\/\/cryplant.com\/paneles-solares\/#organization","name":"Cryplant Paneles Solares","url":"https:\/\/cryplant.com\/paneles-solares\/","logo":{"@type":"ImageObject","inLanguage":"es","@id":"https:\/\/cryplant.com\/paneles-solares\/#\/schema\/logo\/image\/","url":"https:\/\/cryplant.com\/wp-content\/uploads\/2019\/05\/planta.png","contentUrl":"https:\/\/cryplant.com\/wp-content\/uploads\/2019\/05\/planta.png","width":512,"height":512,"caption":"Cryplant Paneles Solares"},"image":{"@id":"https:\/\/cryplant.com\/paneles-solares\/#\/schema\/logo\/image\/"},"sameAs":["https:\/\/www.facebook.com\/CRYPLANT\/","https:\/\/twitter.com\/cryplant"]}]}},"_links":{"self":[{"href":"https:\/\/cryplant.com\/paneles-solares\/wp-json\/wp\/v2\/pages\/463","targetHints":{"allow":["GET"]}}],"collection":[{"href":"https:\/\/cryplant.com\/paneles-solares\/wp-json\/wp\/v2\/pages"}],"about":[{"href":"https:\/\/cryplant.com\/paneles-solares\/wp-json\/wp\/v2\/types\/page"}],"author":[{"embeddable":true,"href":"https:\/\/cryplant.com\/paneles-solares\/wp-json\/wp\/v2\/users\/3"}],"replies":[{"embeddable":true,"href":"https:\/\/cryplant.com\/paneles-solares\/wp-json\/wp\/v2\/comments?post=463"}],"version-history":[{"count":13,"href":"https:\/\/cryplant.com\/paneles-solares\/wp-json\/wp\/v2\/pages\/463\/revisions"}],"predecessor-version":[{"id":1002,"href":"https:\/\/cryplant.com\/paneles-solares\/wp-json\/wp\/v2\/pages\/463\/revisions\/1002"}],"wp:attachment":[{"href":"https:\/\/cryplant.com\/paneles-solares\/wp-json\/wp\/v2\/media?parent=463"}],"curies":[{"name":"wp","href":"https:\/\/api.w.org\/{rel}","templated":true}]}}