{"id":479,"date":"2019-08-01T05:49:00","date_gmt":"2019-08-01T00:49:00","guid":{"rendered":"https:\/\/cryplant.com\/?page_id=479"},"modified":"2020-03-27T13:04:51","modified_gmt":"2020-03-27T18:04:51","slug":"industria","status":"publish","type":"page","link":"https:\/\/cryplant.com\/paneles-solares\/industria\/","title":{"rendered":"Industria"},"content":{"rendered":"<p>[vc_row css=\u00bb.vc_custom_1565133640109{margin-top: 30px !important;}\u00bb][vc_column][vc_column_text]<\/p>\n<h1 style=\"text-align: center;\">PANELES SOLARES PARA INDUSTRIA&#8230; \u00bf POR QU\u00c9 ?<\/h1>\n<h2 style=\"text-align: center;\">En primer lugar, los <a href=\"http:\/\/inelecsa.com\">paneles solares<\/a> para industria son una excelente Inversi\u00f3n. Son una buena opci\u00f3n porque as\u00ed\u00a0 bajas el costo de tu factura el\u00e9ctrica. Adem\u00e1s, el retorno de tu inversi\u00f3n es de 4 a 5 a\u00f1os. Sin duda ayuda a lo anterior el beneficio fiscal de la depreciaci\u00f3n acelerada.Debido a que tu inversi\u00f3n se deprecia al 100% en el primer a\u00f1o.<\/h2>\n<h2>En segundo lugar, la duraci\u00f3n de los Sistemas Fotovoltaicos es muy grande.<\/h2>\n<h3>Por ejemplo, los paneles solares tienen 25 a\u00f1os de garant\u00eda. Los inversores tienen 10 a\u00f1os ampliables a 15 \u00f3 20 a\u00f1os.A\u00fan m\u00e1s, el mantenimiento de estos sistemas es m\u00ednimo y f\u00e1cil.En efecto, la limpieza de los paneles es un punto importante del mantenimiento.Y se hace con facilidad y no frecuentemente.<\/h3>\n<h3>Por todo lo anterior, puedes considerar adquirir paneles solares para tu industria.Y tambi\u00e9n es importante la eliminaci\u00f3n de emisiones.As\u00ed, para un sistema de 50 KWp. , la no emisi\u00f3n es importante.<\/h3>\n<h3>En efecto, se dejan de emitir anualmente 42 toneladas de CO2. Finalmente, \u00bf\u00a0 qu\u00e9 tan grande es un sistema de 50 KWp. ?. Para que tengas una idea, necesitar\u00edas una superficie de alrededor de 400 m2.<\/h3>\n<h3>Y ya para acabar, el sistema mencionado produce 7,000 KW-h al mes.<\/h3>\n<p>[\/vc_column_text][\/vc_column][\/vc_row][vc_row][vc_column][vc_row_inner][vc_column_inner width=\u00bb1\/3&#8243;]<div id=\"dt_portfolios-164\" class=\"portfolio type3\">\t<figure>\t\t<img decoding=\"async\" src=\"https:\/\/cryplant.com\/wp-content\/uploads\/2019\/06\/ptomorelosunam4.jpg\" alt=\"Sistema fotovoltaico Instituto de Ciencias del Mar UNAM\" title=\"Sistema fotovoltaico Instituto de Ciencias del Mar UNAM\"\/>\t\t<div class=\"image-overlay\"><div class=\"links\"><a title=\"Sistema fotovoltaico Instituto de Ciencias del Mar UNAM\" href=\"https:\/\/cryplant.com\/paneles-solares\/dt_portfolios\/sistema-fotovoltaico-industria-6\/\">Sistema fotovoltaico Instituto de Ciencias del Mar UNAM<\/a><\/div>\t\t<\/div>\t<\/figure><\/div>[\/vc_column_inner][vc_column_inner width=\u00bb1\/3&#8243;]<div id=\"dt_portfolios-160\" class=\"portfolio type3\">\t<figure>\t\t<img decoding=\"async\" src=\"https:\/\/cryplant.com\/wp-content\/uploads\/2019\/06\/frutasfinas1.jpg\" alt=\"Sistema fotovoltaico Frutas Finas\" title=\"Sistema fotovoltaico Frutas Finas\"\/>\t\t<div class=\"image-overlay\"><div class=\"links\"><a title=\"Sistema fotovoltaico Frutas Finas\" href=\"https:\/\/cryplant.com\/paneles-solares\/dt_portfolios\/sistema-fotovoltaico-industria-4\/\">Sistema fotovoltaico Frutas Finas<\/a><\/div>\t\t<\/div>\t<\/figure><\/div>[\/vc_column_inner][vc_column_inner width=\u00bb1\/3&#8243;]<div id=\"dt_portfolios-158\" class=\"portfolio type3\">\t<figure>\t\t<img decoding=\"async\" src=\"https:\/\/cryplant.com\/wp-content\/uploads\/2019\/06\/floraplant2.jpg\" alt=\"Sistema fotovoltaico Floraplant\" title=\"Sistema fotovoltaico Floraplant\"\/>\t\t<div class=\"image-overlay\"><div class=\"links\"><a title=\"Sistema fotovoltaico Floraplant\" href=\"https:\/\/cryplant.com\/paneles-solares\/dt_portfolios\/sistema-fotovoltaico-industria-3\/\">Sistema fotovoltaico Floraplant<\/a><\/div>\t\t<\/div>\t<\/figure><\/div>[\/vc_column_inner][\/vc_row_inner][vc_row_inner][vc_column_inner width=\u00bb1\/3&#8243;]<div id=\"dt_portfolios-156\" class=\"portfolio type3\">\t<figure>\t\t<img decoding=\"async\" src=\"https:\/\/cryplant.com\/wp-content\/uploads\/2019\/06\/ecologia8.jpg\" alt=\"Sistema fotovoltaico Instituto de Ecolog\u00eda UNAM\" title=\"Sistema fotovoltaico Instituto de Ecolog\u00eda UNAM\"\/>\t\t<div class=\"image-overlay\"><div class=\"links\"><a title=\"Sistema fotovoltaico Instituto de Ecolog\u00eda UNAM\" href=\"https:\/\/cryplant.com\/paneles-solares\/dt_portfolios\/sistema-fotovoltaico-industria-2\/\">Sistema fotovoltaico Instituto de Ecolog\u00eda UNAM<\/a><\/div>\t\t<\/div>\t<\/figure><\/div>[\/vc_column_inner][vc_column_inner width=\u00bb1\/3&#8243;]<div id=\"dt_portfolios-154\" class=\"portfolio type3\">\t<figure>\t\t<img decoding=\"async\" src=\"https:\/\/cryplant.com\/wp-content\/uploads\/2019\/06\/chopo1.jpg\" alt=\"Sistema fotovoltaico Museo del Chopo\" title=\"Sistema fotovoltaico Museo del Chopo\"\/>\t\t<div class=\"image-overlay\"><div class=\"links\"><a title=\"Sistema fotovoltaico Museo del Chopo\" href=\"https:\/\/cryplant.com\/paneles-solares\/dt_portfolios\/sistema-fotovoltaico-industria-1\/\">Sistema fotovoltaico Museo del Chopo<\/a><\/div>\t\t<\/div>\t<\/figure><\/div>[\/vc_column_inner][vc_column_inner width=\u00bb1\/3&#8243;]<div id=\"dt_portfolios-386\" class=\"portfolio type3\">\t<figure>\t\t<img decoding=\"async\" src=\"https:\/\/cryplant.com\/wp-content\/uploads\/2019\/07\/xomor3.jpg\" alt=\"Xomor\" title=\"Xomor\"\/>\t\t<div class=\"image-overlay\"><div class=\"links\"><a title=\"Xomor\" href=\"https:\/\/cryplant.com\/paneles-solares\/dt_portfolios\/xomor\/\">Xomor<\/a><\/div>\t\t<\/div>\t<\/figure><\/div>[\/vc_column_inner][\/vc_row_inner][\/vc_column][\/vc_row][vc_row][vc_column width=\u00bb1\/3&#8243; css=\u00bb.vc_custom_1565114876917{margin-top: 30px !important;}\u00bb]<div id=\"dt_portfolios-384\" class=\"portfolio type3\">\t<figure>\t\t<img decoding=\"async\" src=\"https:\/\/cryplant.com\/wp-content\/uploads\/2019\/07\/viverosanaya.jpg\" alt=\"Viveros Anaya\" title=\"Viveros Anaya\"\/>\t\t<div class=\"image-overlay\"><div class=\"links\"><a title=\"Viveros Anaya\" href=\"https:\/\/cryplant.com\/paneles-solares\/dt_portfolios\/viveros-anaya\/\">Viveros Anaya<\/a><\/div>\t\t<\/div>\t<\/figure><\/div>[\/vc_column][vc_column width=\u00bb1\/3&#8243; css=\u00bb.vc_custom_1565114892692{margin-top: 30px !important;}\u00bb]<div id=\"dt_portfolios-382\" class=\"portfolio type3\">\t<figure>\t\t<img decoding=\"async\" src=\"https:\/\/cryplant.com\/wp-content\/uploads\/2019\/07\/unam2.jpg\" alt=\"UNAM Geograf\u00eda\" title=\"UNAM Geograf\u00eda\"\/>\t\t<div class=\"image-overlay\"><div class=\"links\"><a title=\"UNAM Geograf\u00eda\" href=\"https:\/\/cryplant.com\/paneles-solares\/dt_portfolios\/unam-geografia\/\">UNAM Geograf\u00eda<\/a><\/div>\t\t<\/div>\t<\/figure><\/div>[\/vc_column][vc_column width=\u00bb1\/3&#8243; css=\u00bb.vc_custom_1565114902604{margin-top: 30px !important;}\u00bb]<div id=\"dt_portfolios-380\" class=\"portfolio type3\">\t<figure>\t\t<img decoding=\"async\" src=\"https:\/\/cryplant.com\/wp-content\/uploads\/2019\/07\/tricamex.jpg\" alt=\"Tricamex\" title=\"Tricamex\"\/>\t\t<div class=\"image-overlay\"><div class=\"links\"><a title=\"Tricamex\" href=\"https:\/\/cryplant.com\/paneles-solares\/dt_portfolios\/tricamex\/\">Tricamex<\/a><\/div>\t\t<\/div>\t<\/figure><\/div>[\/vc_column][\/vc_row][vc_row][vc_column width=\u00bb1\/3&#8243; css=\u00bb.vc_custom_1565114932978{margin-top: 30px !important;}\u00bb]<div id=\"dt_portfolios-376\" class=\"portfolio type3\">\t<figure>\t\t<img decoding=\"async\" src=\"https:\/\/cryplant.com\/wp-content\/uploads\/2019\/07\/sorgueros4.jpg\" alt=\"Sorgueros Unidos\" title=\"Sorgueros Unidos\"\/>\t\t<div class=\"image-overlay\"><div class=\"links\"><a title=\"Sorgueros Unidos\" href=\"https:\/\/cryplant.com\/paneles-solares\/dt_portfolios\/sorgueros-unidos\/\">Sorgueros Unidos<\/a><\/div>\t\t<\/div>\t<\/figure><\/div>[\/vc_column][vc_column width=\u00bb1\/3&#8243; css=\u00bb.vc_custom_1565114941467{margin-top: 30px !important;}\u00bb]<div id=\"dt_portfolios-369\" class=\"portfolio type3\">\t<figure>\t\t<img decoding=\"async\" src=\"https:\/\/cryplant.com\/wp-content\/uploads\/2019\/07\/frutasprimavera1.jpg\" alt=\"Frutas Primavera\" title=\"Frutas Primavera\"\/>\t\t<div class=\"image-overlay\"><div class=\"links\"><a title=\"Frutas Primavera\" href=\"https:\/\/cryplant.com\/paneles-solares\/dt_portfolios\/frutas-primavera\/\">Frutas Primavera<\/a><\/div>\t\t<\/div>\t<\/figure><\/div>[\/vc_column][vc_column width=\u00bb1\/3&#8243; css=\u00bb.vc_custom_1565114949899{margin-top: 30px !important;}\u00bb]<div id=\"dt_portfolios-378\" class=\"portfolio type3\">\t<figure>\t\t<img decoding=\"async\" src=\"https:\/\/cryplant.com\/wp-content\/uploads\/2019\/07\/tarasca3.jpg\" alt=\"Tarasca\" title=\"Tarasca\"\/>\t\t<div class=\"image-overlay\"><div class=\"links\"><a title=\"Tarasca\" href=\"https:\/\/cryplant.com\/paneles-solares\/dt_portfolios\/tarasca\/\">Tarasca<\/a><\/div>\t\t<\/div>\t<\/figure><\/div>[\/vc_column][\/vc_row]<\/p>\n","protected":false},"excerpt":{"rendered":"<p>[vc_row css=\u00bb.vc_custom_1565133640109{margin-top: 30px !important;}\u00bb][vc_column][vc_column_text] PANELES SOLARES PARA INDUSTRIA&#8230; \u00bf POR QU\u00c9 ? En primer lugar, los paneles solares para industria son una excelente Inversi\u00f3n. Son una buena opci\u00f3n porque as\u00ed\u00a0 bajas el costo de tu factura el\u00e9ctrica. Adem\u00e1s, el retorno de tu inversi\u00f3n es de 4 a 5 a\u00f1os. Sin duda ayuda a lo anterior [&hellip;]<\/p>\n","protected":false},"author":3,"featured_media":0,"parent":0,"menu_order":0,"comment_status":"closed","ping_status":"closed","template":"","meta":{"footnotes":""},"class_list":["post-479","page","type-page","status-publish","hentry"],"yoast_head":"<!-- This site is optimized with the Yoast SEO plugin v19.12 - https:\/\/yoast.com\/wordpress\/plugins\/seo\/ -->\n<title>Industria | Paneles Solares | Cuernavaca y M\u00e9xico<\/title>\n<meta name=\"description\" content=\"Instalar paneles solares en tu f\u00e1brica \u00f3 industria es una excelente opci\u00f3n para bajar tu factura el\u00e9ctrica.Tu inversi\u00f3n se recupera en 4 a\u00f1os.\" \/>\n<meta name=\"robots\" content=\"index, follow, max-snippet:-1, max-image-preview:large, max-video-preview:-1\" \/>\n<link rel=\"canonical\" href=\"https:\/\/cryplant.com\/paneles-solares\/industria\/\" \/>\n<meta property=\"og:locale\" content=\"es_ES\" \/>\n<meta property=\"og:type\" content=\"article\" \/>\n<meta property=\"og:title\" content=\"Industria | Paneles Solares | Cuernavaca y M\u00e9xico\" \/>\n<meta property=\"og:description\" content=\"Instalar paneles solares en tu f\u00e1brica \u00f3 industria es una excelente opci\u00f3n para bajar tu factura el\u00e9ctrica.Tu inversi\u00f3n se recupera en 4 a\u00f1os.\" \/>\n<meta property=\"og:url\" content=\"https:\/\/cryplant.com\/paneles-solares\/industria\/\" \/>\n<meta property=\"og:site_name\" content=\"Paneles Solares | Venta e Instalaci\u00f3n | Cuernavaca y M\u00e9xico\" \/>\n<meta property=\"article:publisher\" content=\"https:\/\/www.facebook.com\/CRYPLANT\/\" \/>\n<meta property=\"article:modified_time\" content=\"2020-03-27T18:04:51+00:00\" \/>\n<meta name=\"twitter:card\" content=\"summary_large_image\" \/>\n<meta name=\"twitter:site\" content=\"@cryplant\" \/>\n<meta name=\"twitter:label1\" content=\"Tiempo de lectura\" \/>\n\t<meta name=\"twitter:data1\" content=\"2 minutos\" \/>\n<script type=\"application\/ld+json\" class=\"yoast-schema-graph\">{\"@context\":\"https:\/\/schema.org\",\"@graph\":[{\"@type\":\"WebPage\",\"@id\":\"https:\/\/cryplant.com\/paneles-solares\/industria\/\",\"url\":\"https:\/\/cryplant.com\/paneles-solares\/industria\/\",\"name\":\"Industria | Paneles Solares | Cuernavaca y M\u00e9xico\",\"isPartOf\":{\"@id\":\"https:\/\/cryplant.com\/paneles-solares\/#website\"},\"datePublished\":\"2019-08-01T00:49:00+00:00\",\"dateModified\":\"2020-03-27T18:04:51+00:00\",\"description\":\"Instalar paneles solares en tu f\u00e1brica \u00f3 industria es una excelente opci\u00f3n para bajar tu factura el\u00e9ctrica.Tu inversi\u00f3n se recupera en 4 a\u00f1os.\",\"breadcrumb\":{\"@id\":\"https:\/\/cryplant.com\/paneles-solares\/industria\/#breadcrumb\"},\"inLanguage\":\"es\",\"potentialAction\":[{\"@type\":\"ReadAction\",\"target\":[\"https:\/\/cryplant.com\/paneles-solares\/industria\/\"]}]},{\"@type\":\"BreadcrumbList\",\"@id\":\"https:\/\/cryplant.com\/paneles-solares\/industria\/#breadcrumb\",\"itemListElement\":[{\"@type\":\"ListItem\",\"position\":1,\"name\":\"Portada\",\"item\":\"https:\/\/cryplant.com\/paneles-solares\/\"},{\"@type\":\"ListItem\",\"position\":2,\"name\":\"Industria\"}]},{\"@type\":\"WebSite\",\"@id\":\"https:\/\/cryplant.com\/paneles-solares\/#website\",\"url\":\"https:\/\/cryplant.com\/paneles-solares\/\",\"name\":\"Paneles Solares | Venta e Instalaci\u00f3n | Cuernavaca y M\u00e9xico\",\"description\":\"Ahorra 95 % en tu recibo de CFE con Cryplant y sus Paneles Solares\",\"publisher\":{\"@id\":\"https:\/\/cryplant.com\/paneles-solares\/#organization\"},\"potentialAction\":[{\"@type\":\"SearchAction\",\"target\":{\"@type\":\"EntryPoint\",\"urlTemplate\":\"https:\/\/cryplant.com\/paneles-solares\/?s={search_term_string}\"},\"query-input\":\"required name=search_term_string\"}],\"inLanguage\":\"es\"},{\"@type\":\"Organization\",\"@id\":\"https:\/\/cryplant.com\/paneles-solares\/#organization\",\"name\":\"Cryplant Paneles Solares\",\"url\":\"https:\/\/cryplant.com\/paneles-solares\/\",\"logo\":{\"@type\":\"ImageObject\",\"inLanguage\":\"es\",\"@id\":\"https:\/\/cryplant.com\/paneles-solares\/#\/schema\/logo\/image\/\",\"url\":\"https:\/\/cryplant.com\/wp-content\/uploads\/2019\/05\/planta.png\",\"contentUrl\":\"https:\/\/cryplant.com\/wp-content\/uploads\/2019\/05\/planta.png\",\"width\":512,\"height\":512,\"caption\":\"Cryplant Paneles Solares\"},\"image\":{\"@id\":\"https:\/\/cryplant.com\/paneles-solares\/#\/schema\/logo\/image\/\"},\"sameAs\":[\"https:\/\/www.facebook.com\/CRYPLANT\/\",\"https:\/\/twitter.com\/cryplant\"]}]}<\/script>\n<!-- \/ Yoast SEO plugin. -->","yoast_head_json":{"title":"Industria | Paneles Solares | Cuernavaca y M\u00e9xico","description":"Instalar paneles solares en tu f\u00e1brica \u00f3 industria es una excelente opci\u00f3n para bajar tu factura el\u00e9ctrica.Tu inversi\u00f3n se recupera en 4 a\u00f1os.","robots":{"index":"index","follow":"follow","max-snippet":"max-snippet:-1","max-image-preview":"max-image-preview:large","max-video-preview":"max-video-preview:-1"},"canonical":"https:\/\/cryplant.com\/paneles-solares\/industria\/","og_locale":"es_ES","og_type":"article","og_title":"Industria | Paneles Solares | Cuernavaca y M\u00e9xico","og_description":"Instalar paneles solares en tu f\u00e1brica \u00f3 industria es una excelente opci\u00f3n para bajar tu factura el\u00e9ctrica.Tu inversi\u00f3n se recupera en 4 a\u00f1os.","og_url":"https:\/\/cryplant.com\/paneles-solares\/industria\/","og_site_name":"Paneles Solares | Venta e Instalaci\u00f3n | Cuernavaca y M\u00e9xico","article_publisher":"https:\/\/www.facebook.com\/CRYPLANT\/","article_modified_time":"2020-03-27T18:04:51+00:00","twitter_card":"summary_large_image","twitter_site":"@cryplant","twitter_misc":{"Tiempo de lectura":"2 minutos"},"schema":{"@context":"https:\/\/schema.org","@graph":[{"@type":"WebPage","@id":"https:\/\/cryplant.com\/paneles-solares\/industria\/","url":"https:\/\/cryplant.com\/paneles-solares\/industria\/","name":"Industria | Paneles Solares | Cuernavaca y M\u00e9xico","isPartOf":{"@id":"https:\/\/cryplant.com\/paneles-solares\/#website"},"datePublished":"2019-08-01T00:49:00+00:00","dateModified":"2020-03-27T18:04:51+00:00","description":"Instalar paneles solares en tu f\u00e1brica \u00f3 industria es una excelente opci\u00f3n para bajar tu factura el\u00e9ctrica.Tu inversi\u00f3n se recupera en 4 a\u00f1os.","breadcrumb":{"@id":"https:\/\/cryplant.com\/paneles-solares\/industria\/#breadcrumb"},"inLanguage":"es","potentialAction":[{"@type":"ReadAction","target":["https:\/\/cryplant.com\/paneles-solares\/industria\/"]}]},{"@type":"BreadcrumbList","@id":"https:\/\/cryplant.com\/paneles-solares\/industria\/#breadcrumb","itemListElement":[{"@type":"ListItem","position":1,"name":"Portada","item":"https:\/\/cryplant.com\/paneles-solares\/"},{"@type":"ListItem","position":2,"name":"Industria"}]},{"@type":"WebSite","@id":"https:\/\/cryplant.com\/paneles-solares\/#website","url":"https:\/\/cryplant.com\/paneles-solares\/","name":"Paneles Solares | Venta e Instalaci\u00f3n | Cuernavaca y M\u00e9xico","description":"Ahorra 95 % en tu recibo de CFE con Cryplant y sus Paneles Solares","publisher":{"@id":"https:\/\/cryplant.com\/paneles-solares\/#organization"},"potentialAction":[{"@type":"SearchAction","target":{"@type":"EntryPoint","urlTemplate":"https:\/\/cryplant.com\/paneles-solares\/?s={search_term_string}"},"query-input":"required name=search_term_string"}],"inLanguage":"es"},{"@type":"Organization","@id":"https:\/\/cryplant.com\/paneles-solares\/#organization","name":"Cryplant Paneles Solares","url":"https:\/\/cryplant.com\/paneles-solares\/","logo":{"@type":"ImageObject","inLanguage":"es","@id":"https:\/\/cryplant.com\/paneles-solares\/#\/schema\/logo\/image\/","url":"https:\/\/cryplant.com\/wp-content\/uploads\/2019\/05\/planta.png","contentUrl":"https:\/\/cryplant.com\/wp-content\/uploads\/2019\/05\/planta.png","width":512,"height":512,"caption":"Cryplant Paneles Solares"},"image":{"@id":"https:\/\/cryplant.com\/paneles-solares\/#\/schema\/logo\/image\/"},"sameAs":["https:\/\/www.facebook.com\/CRYPLANT\/","https:\/\/twitter.com\/cryplant"]}]}},"_links":{"self":[{"href":"https:\/\/cryplant.com\/paneles-solares\/wp-json\/wp\/v2\/pages\/479","targetHints":{"allow":["GET"]}}],"collection":[{"href":"https:\/\/cryplant.com\/paneles-solares\/wp-json\/wp\/v2\/pages"}],"about":[{"href":"https:\/\/cryplant.com\/paneles-solares\/wp-json\/wp\/v2\/types\/page"}],"author":[{"embeddable":true,"href":"https:\/\/cryplant.com\/paneles-solares\/wp-json\/wp\/v2\/users\/3"}],"replies":[{"embeddable":true,"href":"https:\/\/cryplant.com\/paneles-solares\/wp-json\/wp\/v2\/comments?post=479"}],"version-history":[{"count":28,"href":"https:\/\/cryplant.com\/paneles-solares\/wp-json\/wp\/v2\/pages\/479\/revisions"}],"predecessor-version":[{"id":1006,"href":"https:\/\/cryplant.com\/paneles-solares\/wp-json\/wp\/v2\/pages\/479\/revisions\/1006"}],"wp:attachment":[{"href":"https:\/\/cryplant.com\/paneles-solares\/wp-json\/wp\/v2\/media?parent=479"}],"curies":[{"name":"wp","href":"https:\/\/api.w.org\/{rel}","templated":true}]}}