{"id":90,"date":"2019-05-30T19:31:06","date_gmt":"2019-05-30T19:31:06","guid":{"rendered":"https:\/\/cryplant.com\/?page_id=90"},"modified":"2022-02-01T12:16:36","modified_gmt":"2022-02-01T17:16:36","slug":"servicios","status":"publish","type":"page","link":"https:\/\/cryplant.com\/paneles-solares\/servicios\/","title":{"rendered":"Servicios"},"content":{"rendered":"<p>[vc_section][vc_row css=\u00bb.vc_custom_1559252835220{margin-top: 60px !important;margin-bottom: 60px !important;}\u00bb][vc_column][vc_row_inner][vc_column_inner][vc_column_text css_animation=\u00bbbounce\u00bb]<\/p>\n<h1 style=\"text-align: center;\"><a href=\"http:\/\/www.trinasolar.com\">Cryplant te d\u00e1 el mejor precio de Paneles Solares<\/a> en Morelos y M\u00e9xico<\/h1>\n<p>[\/vc_column_text][\/vc_column_inner][\/vc_row_inner][vc_column_text css=\u00bb.vc_custom_1564617305463{margin-top: 20px !important;}\u00bb]<\/p>\n<h2 style=\"text-align: center;\">Cryplant proporciona el dise\u00f1o, suministro e instalaci\u00f3n de sistemas fotovoltaicos. Damos\u00a0 servicio en <a href=\"https:\/\/cryplant.com\/paneles-solares\/dt_portfolios\/lorenaorozco\/\">Cuernavaca<\/a>, Cuautla,Morelos,CDMX.Tambi\u00e9n en Guerrero y en todo M\u00e9xico.<\/h2>\n<h3>[\/vc_column_text][\/vc_column][\/vc_row][vc_row][vc_column][\/vc_column][\/vc_row][vc_row][vc_column width=\u00bb1\/2&#8243;]<div class='dt-sc-icon-box type7 '><div class=\"icon-wrapper\"><img loading=\"lazy\" decoding=\"async\" width=\"800\" height=\"600\" src=\"https:\/\/cryplant.com\/wp-content\/uploads\/2019\/06\/cryplant-paneles-solares-industria-1.jpg\" class=\"attachment-full\" alt=\"\" srcset=\"https:\/\/cryplant.com\/wp-content\/uploads\/2019\/06\/cryplant-paneles-solares-industria-1.jpg 800w, https:\/\/cryplant.com\/wp-content\/uploads\/2019\/06\/cryplant-paneles-solares-industria-1-300x225.jpg 300w, https:\/\/cryplant.com\/wp-content\/uploads\/2019\/06\/cryplant-paneles-solares-industria-1-768x576.jpg 768w\" sizes=\"auto, (max-width: 800px) 100vw, 800px\" \/><\/div><div class=\"icon-content\"><h4>SISTEMAS FOTOVOLTAICOS INTERCONECTADOS A CFE<\/h4><p>\u00bf El recibo de luz de tu casa \u00f3 comercio es alto ? Puedes mejorar hasta en un 95% tu consumo de luz generando tu propia energ\u00eda. Por consiguiente los paneles solares son tu mejor opci\u00f3n.<\/h3>\n<h3>SIEMPRE TE DAREMOS EL MEJOR PRECIO EN PANELES SOLARES.<\/h3>\n<h3>El medidor bidireccional medir\u00e1 el flujo de energ\u00eda que se genera y consume.<\/p><\/div><\/div>[\/vc_column][vc_column width=\u00bb1\/2&#8243;]<div class='dt-sc-icon-box type7 '><div class=\"icon-wrapper\"><img loading=\"lazy\" decoding=\"async\" width=\"600\" height=\"600\" src=\"https:\/\/cryplant.com\/wp-content\/uploads\/2019\/05\/bombeo-agua-cryplant-e1561683789961.jpg\" class=\"attachment-full\" alt=\"\" \/><\/div><div class=\"icon-content\"><h4>SISTEMAS SOLARES DE BOMBEO DE AGUA<\/h4><p>\u00bfLa red el\u00e9ctrica no est\u00e1 cerca de t\u00ed ? .El bombeo solar es una soluci\u00f3n sostenible, econ\u00f3mica y viable. Adem\u00e1s es excelente para sistemas de riego y agua potable.Tambi\u00e9n, para el bombeo de agua en general.<\/h3>\n<p>Las instalaciones de bombeo solar reemplazan\u00a0 la fuente tradicional de energ\u00eda el\u00e9ctrica (CFE). Por lo tanto,las bombas que se utilizan son especiales. Por eso tienen una tecnolog\u00eda que te permitir\u00e1 aprovechar la energ\u00eda solar m\u00e1s eficientemente.<\/p><\/div><\/div>[\/vc_column][\/vc_row][vc_row][vc_column][\/vc_column][\/vc_row][vc_row][vc_column width=\u00bb1\/2&#8243; css=\u00bb.vc_custom_1559251382364{margin-top: 60px !important;}\u00bb]<div class='dt-sc-icon-box type7 '><div class=\"icon-wrapper\"><img loading=\"lazy\" decoding=\"async\" width=\"800\" height=\"600\" src=\"https:\/\/cryplant.com\/wp-content\/uploads\/2019\/06\/iluminacion-solar-cryplant2.jpg\" class=\"attachment-full\" alt=\"\" srcset=\"https:\/\/cryplant.com\/wp-content\/uploads\/2019\/06\/iluminacion-solar-cryplant2.jpg 800w, https:\/\/cryplant.com\/wp-content\/uploads\/2019\/06\/iluminacion-solar-cryplant2-300x225.jpg 300w, https:\/\/cryplant.com\/wp-content\/uploads\/2019\/06\/iluminacion-solar-cryplant2-768x576.jpg 768w\" sizes=\"auto, (max-width: 800px) 100vw, 800px\" \/><\/div><div class=\"icon-content\"><h4>SISTEMAS FOTOVOLTAICOS AISLADOS PARA RANCHOS Y ZONAS RURALES<\/h4><p>Cryplant tiene gran experiencia en dimensionar la instalaci\u00f3n solar seg\u00fan tus necesidades. Esta fuente de energ\u00eda es muy recomendable. Como resultado tendr\u00e1s electricidad solar en lugares donde no llega la red de CFE.<\/p>\n<p>Se compone de una fuente de generaci\u00f3n de energ\u00eda (paneles fotovoltaicos), regulador de carga, un inversor y un sistema de almacenamiento de energ\u00eda (com\u00fanmente bater\u00edas).<\/p><\/div><\/div>[\/vc_column][vc_column width=\u00bb1\/2&#8243; css=\u00bb.vc_custom_1559251402479{margin-top: 60px !important;}\u00bb]<div class='dt-sc-icon-box type7 '><div class=\"icon-wrapper\"><img loading=\"lazy\" decoding=\"async\" width=\"600\" height=\"600\" src=\"https:\/\/cryplant.com\/wp-content\/uploads\/2019\/05\/luminarias-solares-cryplant.jpg\" class=\"attachment-full\" alt=\"\" srcset=\"https:\/\/cryplant.com\/wp-content\/uploads\/2019\/05\/luminarias-solares-cryplant.jpg 600w, https:\/\/cryplant.com\/wp-content\/uploads\/2019\/05\/luminarias-solares-cryplant-150x150.jpg 150w, https:\/\/cryplant.com\/wp-content\/uploads\/2019\/05\/luminarias-solares-cryplant-300x300.jpg 300w\" sizes=\"auto, (max-width: 600px) 100vw, 600px\" \/><\/div><div class=\"icon-content\"><h4>LUMINARIAS SOLARES<\/h4><p>Las luminarias solares est\u00e1n indicadas en lugares donde no hay energ\u00eda el\u00e9ctrica (CFE). Tambi\u00e9n en aquellos lugares a los cuales llevar la energ\u00eda el\u00e9ctrica es muy costoso. Por ejemplo,\u00a0 ranurar una carretera, calle, pista de aterrizaje,\u00a0 etc.,\u00a0 es decir, obra civil importante para llevar la energ\u00eda el\u00e9ctrica.<\/p>\n<p>Las luminarias solares s\u00f3lo requieren un panel solar integrado, control de carga y un sistema de almacenamiento de energ\u00eda.<\/p><\/div><\/div>[\/vc_column][\/vc_row][\/vc_section]<\/p>\n","protected":false},"excerpt":{"rendered":"<p>[vc_section][vc_row css=\u00bb.vc_custom_1559252835220{margin-top: 60px !important;margin-bottom: 60px !important;}\u00bb][vc_column][vc_row_inner][vc_column_inner][vc_column_text css_animation=\u00bbbounce\u00bb] Cryplant te d\u00e1 el mejor precio de Paneles Solares en Morelos y M\u00e9xico [\/vc_column_text][\/vc_column_inner][\/vc_row_inner][vc_column_text css=\u00bb.vc_custom_1564617305463{margin-top: 20px !important;}\u00bb] Cryplant proporciona el dise\u00f1o, suministro e instalaci\u00f3n de sistemas fotovoltaicos. Damos\u00a0 servicio en Cuernavaca, Cuautla,Morelos,CDMX.Tambi\u00e9n en Guerrero y en todo M\u00e9xico. [\/vc_column_text][\/vc_column][\/vc_row][vc_row][vc_column][\/vc_column][\/vc_row][vc_row][vc_column width=\u00bb1\/2&#8243;][\/vc_column][vc_column width=\u00bb1\/2&#8243;][\/vc_column][\/vc_row][vc_row][vc_column][\/vc_column][\/vc_row][vc_row][vc_column width=\u00bb1\/2&#8243; css=\u00bb.vc_custom_1559251382364{margin-top: 60px !important;}\u00bb][\/vc_column][vc_column width=\u00bb1\/2&#8243; css=\u00bb.vc_custom_1559251402479{margin-top: 60px [&hellip;]<\/p>\n","protected":false},"author":3,"featured_media":0,"parent":0,"menu_order":0,"comment_status":"closed","ping_status":"closed","template":"","meta":{"footnotes":""},"class_list":["post-90","page","type-page","status-publish","hentry"],"yoast_head":"<!-- This site is optimized with the Yoast SEO plugin v19.12 - https:\/\/yoast.com\/wordpress\/plugins\/seo\/ -->\n<title>El mejor Precio de Paneles Solares | Cuernavaca y M\u00e9xico.<\/title>\n<meta name=\"description\" content=\"El mejor precio para tu sistema de paneles solares.Instalamos en Cuernavaca, Cuautla,Morelos, Iguala, Chilpancingo, CDMX y M\u00e9xico.\" \/>\n<meta name=\"robots\" content=\"index, follow, max-snippet:-1, max-image-preview:large, max-video-preview:-1\" \/>\n<link rel=\"canonical\" href=\"https:\/\/cryplant.com\/paneles-solares\/servicios\/\" \/>\n<meta property=\"og:locale\" content=\"es_ES\" \/>\n<meta property=\"og:type\" content=\"article\" \/>\n<meta property=\"og:title\" content=\"El mejor Precio de Paneles Solares | Cuernavaca y M\u00e9xico.\" \/>\n<meta property=\"og:description\" content=\"El mejor precio para tu sistema de paneles solares.Instalamos en Cuernavaca, Cuautla,Morelos, Iguala, Chilpancingo, CDMX y M\u00e9xico.\" \/>\n<meta property=\"og:url\" content=\"https:\/\/cryplant.com\/paneles-solares\/servicios\/\" \/>\n<meta property=\"og:site_name\" content=\"Paneles Solares | Venta e Instalaci\u00f3n | Cuernavaca y M\u00e9xico\" \/>\n<meta property=\"article:publisher\" content=\"https:\/\/www.facebook.com\/CRYPLANT\/\" \/>\n<meta property=\"article:modified_time\" content=\"2022-02-01T17:16:36+00:00\" \/>\n<meta name=\"twitter:card\" content=\"summary_large_image\" \/>\n<meta name=\"twitter:site\" content=\"@cryplant\" \/>\n<meta name=\"twitter:label1\" content=\"Tiempo de lectura\" \/>\n\t<meta name=\"twitter:data1\" content=\"3 minutos\" \/>\n<script type=\"application\/ld+json\" class=\"yoast-schema-graph\">{\"@context\":\"https:\/\/schema.org\",\"@graph\":[{\"@type\":\"WebPage\",\"@id\":\"https:\/\/cryplant.com\/paneles-solares\/servicios\/\",\"url\":\"https:\/\/cryplant.com\/paneles-solares\/servicios\/\",\"name\":\"El mejor Precio de Paneles Solares | Cuernavaca y M\u00e9xico.\",\"isPartOf\":{\"@id\":\"https:\/\/cryplant.com\/paneles-solares\/#website\"},\"datePublished\":\"2019-05-30T19:31:06+00:00\",\"dateModified\":\"2022-02-01T17:16:36+00:00\",\"description\":\"El mejor precio para tu sistema de paneles solares.Instalamos en Cuernavaca, Cuautla,Morelos, Iguala, Chilpancingo, CDMX y M\u00e9xico.\",\"breadcrumb\":{\"@id\":\"https:\/\/cryplant.com\/paneles-solares\/servicios\/#breadcrumb\"},\"inLanguage\":\"es\",\"potentialAction\":[{\"@type\":\"ReadAction\",\"target\":[\"https:\/\/cryplant.com\/paneles-solares\/servicios\/\"]}]},{\"@type\":\"BreadcrumbList\",\"@id\":\"https:\/\/cryplant.com\/paneles-solares\/servicios\/#breadcrumb\",\"itemListElement\":[{\"@type\":\"ListItem\",\"position\":1,\"name\":\"Portada\",\"item\":\"https:\/\/cryplant.com\/paneles-solares\/\"},{\"@type\":\"ListItem\",\"position\":2,\"name\":\"Servicios\"}]},{\"@type\":\"WebSite\",\"@id\":\"https:\/\/cryplant.com\/paneles-solares\/#website\",\"url\":\"https:\/\/cryplant.com\/paneles-solares\/\",\"name\":\"Paneles Solares | Venta e Instalaci\u00f3n | Cuernavaca y M\u00e9xico\",\"description\":\"Ahorra 95 % en tu recibo de CFE con Cryplant y sus Paneles Solares\",\"publisher\":{\"@id\":\"https:\/\/cryplant.com\/paneles-solares\/#organization\"},\"potentialAction\":[{\"@type\":\"SearchAction\",\"target\":{\"@type\":\"EntryPoint\",\"urlTemplate\":\"https:\/\/cryplant.com\/paneles-solares\/?s={search_term_string}\"},\"query-input\":\"required name=search_term_string\"}],\"inLanguage\":\"es\"},{\"@type\":\"Organization\",\"@id\":\"https:\/\/cryplant.com\/paneles-solares\/#organization\",\"name\":\"Cryplant Paneles Solares\",\"url\":\"https:\/\/cryplant.com\/paneles-solares\/\",\"logo\":{\"@type\":\"ImageObject\",\"inLanguage\":\"es\",\"@id\":\"https:\/\/cryplant.com\/paneles-solares\/#\/schema\/logo\/image\/\",\"url\":\"https:\/\/cryplant.com\/wp-content\/uploads\/2019\/05\/planta.png\",\"contentUrl\":\"https:\/\/cryplant.com\/wp-content\/uploads\/2019\/05\/planta.png\",\"width\":512,\"height\":512,\"caption\":\"Cryplant Paneles Solares\"},\"image\":{\"@id\":\"https:\/\/cryplant.com\/paneles-solares\/#\/schema\/logo\/image\/\"},\"sameAs\":[\"https:\/\/www.facebook.com\/CRYPLANT\/\",\"https:\/\/twitter.com\/cryplant\"]}]}<\/script>\n<!-- \/ Yoast SEO plugin. -->","yoast_head_json":{"title":"El mejor Precio de Paneles Solares | Cuernavaca y M\u00e9xico.","description":"El mejor precio para tu sistema de paneles solares.Instalamos en Cuernavaca, Cuautla,Morelos, Iguala, Chilpancingo, CDMX y M\u00e9xico.","robots":{"index":"index","follow":"follow","max-snippet":"max-snippet:-1","max-image-preview":"max-image-preview:large","max-video-preview":"max-video-preview:-1"},"canonical":"https:\/\/cryplant.com\/paneles-solares\/servicios\/","og_locale":"es_ES","og_type":"article","og_title":"El mejor Precio de Paneles Solares | Cuernavaca y M\u00e9xico.","og_description":"El mejor precio para tu sistema de paneles solares.Instalamos en Cuernavaca, Cuautla,Morelos, Iguala, Chilpancingo, CDMX y M\u00e9xico.","og_url":"https:\/\/cryplant.com\/paneles-solares\/servicios\/","og_site_name":"Paneles Solares | Venta e Instalaci\u00f3n | Cuernavaca y M\u00e9xico","article_publisher":"https:\/\/www.facebook.com\/CRYPLANT\/","article_modified_time":"2022-02-01T17:16:36+00:00","twitter_card":"summary_large_image","twitter_site":"@cryplant","twitter_misc":{"Tiempo de lectura":"3 minutos"},"schema":{"@context":"https:\/\/schema.org","@graph":[{"@type":"WebPage","@id":"https:\/\/cryplant.com\/paneles-solares\/servicios\/","url":"https:\/\/cryplant.com\/paneles-solares\/servicios\/","name":"El mejor Precio de Paneles Solares | Cuernavaca y M\u00e9xico.","isPartOf":{"@id":"https:\/\/cryplant.com\/paneles-solares\/#website"},"datePublished":"2019-05-30T19:31:06+00:00","dateModified":"2022-02-01T17:16:36+00:00","description":"El mejor precio para tu sistema de paneles solares.Instalamos en Cuernavaca, Cuautla,Morelos, Iguala, Chilpancingo, CDMX y M\u00e9xico.","breadcrumb":{"@id":"https:\/\/cryplant.com\/paneles-solares\/servicios\/#breadcrumb"},"inLanguage":"es","potentialAction":[{"@type":"ReadAction","target":["https:\/\/cryplant.com\/paneles-solares\/servicios\/"]}]},{"@type":"BreadcrumbList","@id":"https:\/\/cryplant.com\/paneles-solares\/servicios\/#breadcrumb","itemListElement":[{"@type":"ListItem","position":1,"name":"Portada","item":"https:\/\/cryplant.com\/paneles-solares\/"},{"@type":"ListItem","position":2,"name":"Servicios"}]},{"@type":"WebSite","@id":"https:\/\/cryplant.com\/paneles-solares\/#website","url":"https:\/\/cryplant.com\/paneles-solares\/","name":"Paneles Solares | Venta e Instalaci\u00f3n | Cuernavaca y M\u00e9xico","description":"Ahorra 95 % en tu recibo de CFE con Cryplant y sus Paneles Solares","publisher":{"@id":"https:\/\/cryplant.com\/paneles-solares\/#organization"},"potentialAction":[{"@type":"SearchAction","target":{"@type":"EntryPoint","urlTemplate":"https:\/\/cryplant.com\/paneles-solares\/?s={search_term_string}"},"query-input":"required name=search_term_string"}],"inLanguage":"es"},{"@type":"Organization","@id":"https:\/\/cryplant.com\/paneles-solares\/#organization","name":"Cryplant Paneles Solares","url":"https:\/\/cryplant.com\/paneles-solares\/","logo":{"@type":"ImageObject","inLanguage":"es","@id":"https:\/\/cryplant.com\/paneles-solares\/#\/schema\/logo\/image\/","url":"https:\/\/cryplant.com\/wp-content\/uploads\/2019\/05\/planta.png","contentUrl":"https:\/\/cryplant.com\/wp-content\/uploads\/2019\/05\/planta.png","width":512,"height":512,"caption":"Cryplant Paneles Solares"},"image":{"@id":"https:\/\/cryplant.com\/paneles-solares\/#\/schema\/logo\/image\/"},"sameAs":["https:\/\/www.facebook.com\/CRYPLANT\/","https:\/\/twitter.com\/cryplant"]}]}},"_links":{"self":[{"href":"https:\/\/cryplant.com\/paneles-solares\/wp-json\/wp\/v2\/pages\/90","targetHints":{"allow":["GET"]}}],"collection":[{"href":"https:\/\/cryplant.com\/paneles-solares\/wp-json\/wp\/v2\/pages"}],"about":[{"href":"https:\/\/cryplant.com\/paneles-solares\/wp-json\/wp\/v2\/types\/page"}],"author":[{"embeddable":true,"href":"https:\/\/cryplant.com\/paneles-solares\/wp-json\/wp\/v2\/users\/3"}],"replies":[{"embeddable":true,"href":"https:\/\/cryplant.com\/paneles-solares\/wp-json\/wp\/v2\/comments?post=90"}],"version-history":[{"count":42,"href":"https:\/\/cryplant.com\/paneles-solares\/wp-json\/wp\/v2\/pages\/90\/revisions"}],"predecessor-version":[{"id":1042,"href":"https:\/\/cryplant.com\/paneles-solares\/wp-json\/wp\/v2\/pages\/90\/revisions\/1042"}],"wp:attachment":[{"href":"https:\/\/cryplant.com\/paneles-solares\/wp-json\/wp\/v2\/media?parent=90"}],"curies":[{"name":"wp","href":"https:\/\/api.w.org\/{rel}","templated":true}]}}